{"id":131716,"date":"2025-03-10T17:41:16","date_gmt":"2025-03-10T16:41:16","guid":{"rendered":"https:\/\/digitaltwin-alliance.com\/?page_id=131716"},"modified":"2025-03-10T17:57:00","modified_gmt":"2025-03-10T16:57:00","slug":"webinaire-06-03-2025","status":"publish","type":"page","link":"https:\/\/digitaltwin-alliance.com\/index.php\/webinaire-06-03-2025\/","title":{"rendered":"Webinaire 06-03-2025"},"content":{"rendered":"<div class=\"wpb-content-wrapper\"><p>[vc_row][vc_column width=\u00a0\u00bb1\/1&Prime;][vc_custom_heading text_color=\u00a0\u00bbcolor-116767&Prime; heading_semantic=\u00a0\u00bbh5&Prime; text_font=\u00a0\u00bbfont-154492&Prime; text_size=\u00a0\u00bbh5&Prime; text_weight=\u00a0\u00bb400&Prime; uncode_shortcode_id=\u00a0\u00bb114486&Prime; text_color_type=\u00a0\u00bbuncode-palette\u00a0\u00bb]WEBINAIRE[\/vc_custom_heading][vc_custom_heading text_color=\u00a0\u00bbcolor-jevc\u00a0\u00bb heading_semantic=\u00a0\u00bbh1&Prime; text_font=\u00a0\u00bbfont-154492&Prime; text_size=\u00a0\u00bbh1&Prime; text_weight=\u00a0\u00bb900&Prime; uncode_shortcode_id=\u00a0\u00bb109081&Prime; text_color_type=\u00a0\u00bbuncode-palette\u00a0\u00bb]Les jumeaux num\u00e9riques dans l\u2019exploitation des ouvrages et infrastructures : cas concrets et b\u00e9n\u00e9fices op\u00e9rationnels[\/vc_custom_heading][\/vc_column][\/vc_row][vc_row row_height_percent=\u00a0\u00bb0&Prime; back_color=\u00a0\u00bbcolor-lxmt\u00a0\u00bb overlay_alpha=\u00a0\u00bb50&Prime; gutter_size=\u00a0\u00bb3&Prime; column_width_percent=\u00a0\u00bb100&Prime; shift_y=\u00a0\u00bb0&Prime; z_index=\u00a0\u00bb0&Prime; uncode_shortcode_id=\u00a0\u00bb207189&Prime; back_color_type=\u00a0\u00bbuncode-palette\u00a0\u00bb][vc_column width=\u00a0\u00bb1\/1&Prime;][vc_raw_html]JTNDZGl2JTIwc3R5bGUlM0QlMjJwYWRkaW5nJTNBNTYuMjUlMjUlMjAwJTIwMCUyMDAlM0Jwb3NpdGlvbiUzQXJlbGF0aXZlJTNCJTIyJTNFJTNDaWZyYW1lJTIwc3JjJTNEJTIyaHR0cHMlM0ElMkYlMkZwbGF5ZXIudmltZW8uY29tJTJGdmlkZW8lMkYxMDY0MzE5MDQ5JTNGaCUzRGU0ZTJkMWM4YTglMjZhbXAlM0JiYWRnZSUzRDAlMjZhbXAlM0JhdXRvcGF1c2UlM0QwJTI2YW1wJTNCcGxheWVyX2lkJTNEMCUyNmFtcCUzQmFwcF9pZCUzRDU4NDc5JTIyJTIwZnJhbWVib3JkZXIlM0QlMjIwJTIyJTIwYWxsb3clM0QlMjJhdXRvcGxheSUzQiUyMGZ1bGxzY3JlZW4lM0IlMjBwaWN0dXJlLWluLXBpY3R1cmUlM0IlMjBjbGlwYm9hcmQtd3JpdGUlM0IlMjBlbmNyeXB0ZWQtbWVkaWElMjIlMjBzdHlsZSUzRCUyMnBvc2l0aW9uJTNBYWJzb2x1dGUlM0J0b3AlM0EwJTNCbGVmdCUzQTAlM0J3aWR0aCUzQTEwMCUyNSUzQmhlaWdodCUzQTEwMCUyNSUzQiUyMiUyMHRpdGxlJTNEJTIyV2ViaW5haXJlJTIwRFRBJTIwLSUyMDYlMjBtYXJzJTIwMjAyNSUyMiUzRSUzQyUyRmlmcmFtZSUzRSUzQyUyRmRpdiUzRSUzQ3NjcmlwdCUyMHNyYyUzRCUyMmh0dHBzJTNBJTJGJTJGcGxheWVyLnZpbWVvLmNvbSUyRmFwaSUyRnBsYXllci5qcyUyMiUzRSUzQyUyRnNjcmlwdCUzRQ==[\/vc_raw_html][\/vc_column][\/vc_row][vc_row row_height_percent=\u00a0\u00bb0&Prime; override_padding=\u00a0\u00bbyes\u00a0\u00bb h_padding=\u00a0\u00bb2&Prime; top_padding=\u00a0\u00bb6&Prime; bottom_padding=\u00a0\u00bb6&Prime; back_color=\u00a0\u00bbcolor-jevc\u00a0\u00bb overlay_alpha=\u00a0\u00bb50&Prime; gutter_size=\u00a0\u00bb3&Prime; column_width_percent=\u00a0\u00bb100&Prime; shift_y=\u00a0\u00bb0&Prime; z_index=\u00a0\u00bb2&Prime; uncode_shortcode_id=\u00a0\u00bb169203&Prime; back_color_type=\u00a0\u00bbuncode-palette\u00a0\u00bb][vc_column column_width_percent=\u00a0\u00bb100&Prime; position_vertical=\u00a0\u00bbmiddle\u00a0\u00bb align_horizontal=\u00a0\u00bbalign_center\u00a0\u00bb gutter_size=\u00a0\u00bb4&Prime; style=\u00a0\u00bbdark\u00a0\u00bb font_family=\u00a0\u00bbfont-136269&Prime; overlay_alpha=\u00a0\u00bb50&Prime; shift_x=\u00a0\u00bb0&Prime; shift_y=\u00a0\u00bb0&Prime; shift_y_down=\u00a0\u00bb0&Prime; z_index=\u00a0\u00bb0&Prime; medium_width=\u00a0\u00bb0&Prime; mobile_width=\u00a0\u00bb0&Prime; css_animation=\u00a0\u00bbalpha-anim\u00a0\u00bb animation_speed=\u00a0\u00bb1000&Prime; width=\u00a0\u00bb1\/1&Prime; uncode_shortcode_id=\u00a0\u00bb166338&Prime;][vc_row_inner row_inner_height_percent=\u00a0\u00bb0&Prime; overlay_alpha=\u00a0\u00bb50&Prime; gutter_size=\u00a0\u00bb4&Prime; shift_y=\u00a0\u00bb0&Prime; z_index=\u00a0\u00bb0&Prime; limit_content=\u00a0\u00bb\u00a0\u00bb uncode_shortcode_id=\u00a0\u00bb236484&Prime;][vc_column_inner column_width_percent=\u00a0\u00bb100&Prime; gutter_size=\u00a0\u00bb3&Prime; style=\u00a0\u00bbdark\u00a0\u00bb overlay_alpha=\u00a0\u00bb50&Prime; preserve_border=\u00a0\u00bbyes\u00a0\u00bb preserve_border_mobile=\u00a0\u00bbyes\u00a0\u00bb shift_x=\u00a0\u00bb0&Prime; shift_y=\u00a0\u00bb0&Prime; shift_y_down=\u00a0\u00bb0&Prime; z_index=\u00a0\u00bb0&Prime; medium_width=\u00a0\u00bb3&Prime; align_mobile=\u00a0\u00bbalign_center_mobile\u00a0\u00bb mobile_width=\u00a0\u00bb0&Prime; width=\u00a0\u00bb1\/4&Prime; uncode_shortcode_id=\u00a0\u00bb851365&Prime;][vc_single_image media=\u00a0\u00bb131501&Prime; media_width_percent=\u00a0\u00bb55&Prime; alignment=\u00a0\u00bbcenter\u00a0\u00bb uncode_shortcode_id=\u00a0\u00bb182108&Prime;][\/vc_column_inner][vc_column_inner column_width_percent=\u00a0\u00bb100&Prime; gutter_size=\u00a0\u00bb3&Prime; style=\u00a0\u00bbdark\u00a0\u00bb font_family=\u00a0\u00bbfont-136269&Prime; overlay_alpha=\u00a0\u00bb50&Prime; shift_x=\u00a0\u00bb0&Prime; shift_y=\u00a0\u00bb0&Prime; shift_y_down=\u00a0\u00bb0&Prime; z_index=\u00a0\u00bb0&Prime; medium_width=\u00a0\u00bb3&Prime; align_mobile=\u00a0\u00bbalign_center_mobile\u00a0\u00bb mobile_width=\u00a0\u00bb0&Prime; width=\u00a0\u00bb1\/4&Prime; uncode_shortcode_id=\u00a0\u00bb111074&Prime;][vc_custom_heading text_font=\u00a0\u00bbfont-154492&Prime; text_size=\u00a0\u00bbh3&Prime; text_weight=\u00a0\u00bb900&Prime; uncode_shortcode_id=\u00a0\u00bb341532&Prime;]Contact[\/vc_custom_heading][vc_column_text uncode_shortcode_id=\u00a0\u00bb152964&Prime;]<a href=\"mailto:dta@ptolemee.com\">dta@ptolemee.com<\/a>[\/vc_column_text][\/vc_column_inner][vc_column_inner column_width_percent=\u00a0\u00bb100&Prime; gutter_size=\u00a0\u00bb3&Prime; style=\u00a0\u00bbdark\u00a0\u00bb font_family=\u00a0\u00bbfont-136269&Prime; overlay_alpha=\u00a0\u00bb50&Prime; shift_x=\u00a0\u00bb0&Prime; shift_y=\u00a0\u00bb0&Prime; shift_y_down=\u00a0\u00bb0&Prime; z_index=\u00a0\u00bb0&Prime; medium_width=\u00a0\u00bb3&Prime; align_mobile=\u00a0\u00bbalign_center_mobile\u00a0\u00bb mobile_width=\u00a0\u00bb0&Prime; width=\u00a0\u00bb1\/4&Prime; uncode_shortcode_id=\u00a0\u00bb168888&Prime;][vc_custom_heading text_font=\u00a0\u00bbfont-154492&Prime; text_size=\u00a0\u00bbh3&Prime; text_weight=\u00a0\u00bb900&Prime; uncode_shortcode_id=\u00a0\u00bb210658&Prime;]\u00c0 propos de[\/vc_custom_heading][vc_column_text uncode_shortcode_id=\u00a0\u00bb179308&Prime;]<a href=\"https:\/\/digitaltwin-alliance.com\/index.php\/ptolemee\/\">Ptol\u00e9m\u00e9e<\/a><br \/>\n<a href=\"https:\/\/digitaltwin-alliance.com\/index.php\/mentions-legales\/\">Mentions l\u00e9gales<\/a>[\/vc_column_text][\/vc_column_inner][vc_column_inner column_width_percent=\u00a0\u00bb100&Prime; gutter_size=\u00a0\u00bb3&Prime; style=\u00a0\u00bbdark\u00a0\u00bb font_family=\u00a0\u00bbfont-136269&Prime; overlay_alpha=\u00a0\u00bb50&Prime; shift_x=\u00a0\u00bb0&Prime; shift_y=\u00a0\u00bb0&Prime; shift_y_down=\u00a0\u00bb0&Prime; z_index=\u00a0\u00bb0&Prime; medium_width=\u00a0\u00bb7&Prime; align_mobile=\u00a0\u00bbalign_center_mobile\u00a0\u00bb mobile_width=\u00a0\u00bb0&Prime; width=\u00a0\u00bb1\/4&Prime; uncode_shortcode_id=\u00a0\u00bb158725&Prime;][vc_custom_heading text_font=\u00a0\u00bbfont-154492&Prime; text_size=\u00a0\u00bbh3&Prime; text_weight=\u00a0\u00bb900&Prime; uncode_shortcode_id=\u00a0\u00bb151576&Prime;]Suivez-nous[\/vc_custom_heading][vc_single_image media=\u00a0\u00bb131494&Prime; media_width_percent=\u00a0\u00bb20&Prime; alignment=\u00a0\u00bbcenter\u00a0\u00bb uncode_shortcode_id=\u00a0\u00bb139345&Prime; media_link=\u00a0\u00bburl:https%3A%2F%2Fwww.linkedin.com%2Fshowcase%2Fdigital-twin-alliance%2F|target:_blank\u00a0\u00bb][\/vc_column_inner][\/vc_row_inner][\/vc_column][\/vc_row]<\/p>\n<\/div>","protected":false},"excerpt":{"rendered":"<p>[vc_row][vc_column width=\u00a0\u00bb1\/1&Prime;][vc_custom_heading text_color=\u00a0\u00bbcolor-116767&Prime; heading_semantic=\u00a0\u00bbh5&Prime; text_font=\u00a0\u00bbfont-154492&Prime; text_size=\u00a0\u00bbh5&Prime; text_weight=\u00a0\u00bb400&Prime; uncode_shortcode_id=\u00a0\u00bb114486&Prime; text_color_type=\u00a0\u00bbuncode-palette\u00a0\u00bb]WEBINAIRE[\/vc_custom_heading][vc_custom_heading text_color=\u00a0\u00bbcolor-jevc\u00a0\u00bb heading_semantic=\u00a0\u00bbh1&Prime; text_font=\u00a0\u00bbfont-154492&Prime; text_size=\u00a0\u00bbh1&Prime; text_weight=\u00a0\u00bb900&Prime; uncode_shortcode_id=\u00a0\u00bb109081&Prime; text_color_type=\u00a0\u00bbuncode-palette\u00a0\u00bb]Les jumeaux num\u00e9riques dans l\u2019exploitation [&hellip;]<\/p>\n","protected":false},"author":1,"featured_media":0,"parent":0,"menu_order":0,"comment_status":"closed","ping_status":"closed","template":"","meta":{"footnotes":""},"class_list":["post-131716","page","type-page","status-publish","hentry"],"yoast_head":"<!-- This site is optimized with the Yoast SEO plugin v24.5 - https:\/\/yoast.com\/wordpress\/plugins\/seo\/ -->\n<title>Webinaire 06-03-2025 - Digital Twin Alliance<\/title>\n<meta name=\"robots\" content=\"index, follow, max-snippet:-1, max-image-preview:large, max-video-preview:-1\" \/>\n<link rel=\"canonical\" href=\"https:\/\/digitaltwin-alliance.com\/index.php\/webinaire-06-03-2025\/\" \/>\n<meta property=\"og:locale\" content=\"fr_FR\" \/>\n<meta property=\"og:type\" content=\"article\" \/>\n<meta property=\"og:title\" content=\"Webinaire 06-03-2025 - Digital Twin Alliance\" \/>\n<meta property=\"og:description\" content=\"[vc_row][vc_column width=\u00a0\u00bb1\/1&Prime;][vc_custom_heading text_color=\u00a0\u00bbcolor-116767&Prime; heading_semantic=\u00a0\u00bbh5&Prime; text_font=\u00a0\u00bbfont-154492&Prime; text_size=\u00a0\u00bbh5&Prime; text_weight=\u00a0\u00bb400&Prime; uncode_shortcode_id=\u00a0\u00bb114486&Prime; text_color_type=\u00a0\u00bbuncode-palette\u00a0\u00bb]WEBINAIRE[\/vc_custom_heading][vc_custom_heading text_color=\u00a0\u00bbcolor-jevc\u00a0\u00bb heading_semantic=\u00a0\u00bbh1&Prime; text_font=\u00a0\u00bbfont-154492&Prime; text_size=\u00a0\u00bbh1&Prime; text_weight=\u00a0\u00bb900&Prime; uncode_shortcode_id=\u00a0\u00bb109081&Prime; text_color_type=\u00a0\u00bbuncode-palette\u00a0\u00bb]Les jumeaux num\u00e9riques dans l\u2019exploitation [&hellip;]\" \/>\n<meta property=\"og:url\" content=\"https:\/\/digitaltwin-alliance.com\/index.php\/webinaire-06-03-2025\/\" \/>\n<meta property=\"og:site_name\" content=\"Digital Twin Alliance\" \/>\n<meta property=\"article:modified_time\" content=\"2025-03-10T16:57:00+00:00\" \/>\n<meta property=\"og:image\" content=\"https:\/\/digitaltwin-alliance.com\/wp-content\/uploads\/2024\/06\/IMAGE-SITE-DTA.png\" \/>\n\t<meta property=\"og:image:width\" content=\"1200\" \/>\n\t<meta property=\"og:image:height\" content=\"675\" \/>\n\t<meta property=\"og:image:type\" content=\"image\/png\" \/>\n<meta name=\"twitter:card\" content=\"summary_large_image\" \/>\n<meta name=\"twitter:label1\" content=\"Dur\u00e9e de lecture estim\u00e9e\" \/>\n\t<meta name=\"twitter:data1\" content=\"1 minute\" \/>\n<script type=\"application\/ld+json\" class=\"yoast-schema-graph\">{\"@context\":\"https:\/\/schema.org\",\"@graph\":[{\"@type\":\"WebPage\",\"@id\":\"https:\/\/digitaltwin-alliance.com\/index.php\/webinaire-06-03-2025\/\",\"url\":\"https:\/\/digitaltwin-alliance.com\/index.php\/webinaire-06-03-2025\/\",\"name\":\"Webinaire 06-03-2025 - Digital Twin Alliance\",\"isPartOf\":{\"@id\":\"https:\/\/digitaltwin-alliance.com\/#website\"},\"datePublished\":\"2025-03-10T16:41:16+00:00\",\"dateModified\":\"2025-03-10T16:57:00+00:00\",\"breadcrumb\":{\"@id\":\"https:\/\/digitaltwin-alliance.com\/index.php\/webinaire-06-03-2025\/#breadcrumb\"},\"inLanguage\":\"fr-FR\",\"potentialAction\":[{\"@type\":\"ReadAction\",\"target\":[\"https:\/\/digitaltwin-alliance.com\/index.php\/webinaire-06-03-2025\/\"]}]},{\"@type\":\"BreadcrumbList\",\"@id\":\"https:\/\/digitaltwin-alliance.com\/index.php\/webinaire-06-03-2025\/#breadcrumb\",\"itemListElement\":[{\"@type\":\"ListItem\",\"position\":1,\"name\":\"Accueil\",\"item\":\"https:\/\/digitaltwin-alliance.com\/\"},{\"@type\":\"ListItem\",\"position\":2,\"name\":\"Webinaire 06-03-2025\"}]},{\"@type\":\"WebSite\",\"@id\":\"https:\/\/digitaltwin-alliance.com\/#website\",\"url\":\"https:\/\/digitaltwin-alliance.com\/\",\"name\":\"Digital Twin Alliance\",\"description\":\"Intelligence collective au service du jumeau num\u00e9rique\",\"publisher\":{\"@id\":\"https:\/\/digitaltwin-alliance.com\/#organization\"},\"alternateName\":\"Digital Twin Alliance\",\"potentialAction\":[{\"@type\":\"SearchAction\",\"target\":{\"@type\":\"EntryPoint\",\"urlTemplate\":\"https:\/\/digitaltwin-alliance.com\/?s={search_term_string}\"},\"query-input\":{\"@type\":\"PropertyValueSpecification\",\"valueRequired\":true,\"valueName\":\"search_term_string\"}}],\"inLanguage\":\"fr-FR\"},{\"@type\":\"Organization\",\"@id\":\"https:\/\/digitaltwin-alliance.com\/#organization\",\"name\":\"Digital Twin Alliance\",\"url\":\"https:\/\/digitaltwin-alliance.com\/\",\"logo\":{\"@type\":\"ImageObject\",\"inLanguage\":\"fr-FR\",\"@id\":\"https:\/\/digitaltwin-alliance.com\/#\/schema\/logo\/image\/\",\"url\":\"https:\/\/digitaltwin-alliance.com\/wp-content\/uploads\/2024\/04\/DTA-logo-3.png\",\"contentUrl\":\"https:\/\/digitaltwin-alliance.com\/wp-content\/uploads\/2024\/04\/DTA-logo-3.png\",\"width\":767,\"height\":272,\"caption\":\"Digital Twin Alliance\"},\"image\":{\"@id\":\"https:\/\/digitaltwin-alliance.com\/#\/schema\/logo\/image\/\"},\"sameAs\":[\"https:\/\/www.linkedin.com\/showcase\/digital-twin-alliance\/\"]}]}<\/script>\n<!-- \/ Yoast SEO plugin. -->","yoast_head_json":{"title":"Webinaire 06-03-2025 - Digital Twin Alliance","robots":{"index":"index","follow":"follow","max-snippet":"max-snippet:-1","max-image-preview":"max-image-preview:large","max-video-preview":"max-video-preview:-1"},"canonical":"https:\/\/digitaltwin-alliance.com\/index.php\/webinaire-06-03-2025\/","og_locale":"fr_FR","og_type":"article","og_title":"Webinaire 06-03-2025 - Digital Twin Alliance","og_description":"[vc_row][vc_column width=\u00a0\u00bb1\/1&Prime;][vc_custom_heading text_color=\u00a0\u00bbcolor-116767&Prime; heading_semantic=\u00a0\u00bbh5&Prime; text_font=\u00a0\u00bbfont-154492&Prime; text_size=\u00a0\u00bbh5&Prime; text_weight=\u00a0\u00bb400&Prime; uncode_shortcode_id=\u00a0\u00bb114486&Prime; text_color_type=\u00a0\u00bbuncode-palette\u00a0\u00bb]WEBINAIRE[\/vc_custom_heading][vc_custom_heading text_color=\u00a0\u00bbcolor-jevc\u00a0\u00bb heading_semantic=\u00a0\u00bbh1&Prime; text_font=\u00a0\u00bbfont-154492&Prime; text_size=\u00a0\u00bbh1&Prime; text_weight=\u00a0\u00bb900&Prime; uncode_shortcode_id=\u00a0\u00bb109081&Prime; text_color_type=\u00a0\u00bbuncode-palette\u00a0\u00bb]Les jumeaux num\u00e9riques dans l\u2019exploitation [&hellip;]","og_url":"https:\/\/digitaltwin-alliance.com\/index.php\/webinaire-06-03-2025\/","og_site_name":"Digital Twin Alliance","article_modified_time":"2025-03-10T16:57:00+00:00","og_image":[{"width":1200,"height":675,"url":"https:\/\/digitaltwin-alliance.com\/wp-content\/uploads\/2024\/06\/IMAGE-SITE-DTA.png","type":"image\/png"}],"twitter_card":"summary_large_image","twitter_misc":{"Dur\u00e9e de lecture estim\u00e9e":"1 minute"},"schema":{"@context":"https:\/\/schema.org","@graph":[{"@type":"WebPage","@id":"https:\/\/digitaltwin-alliance.com\/index.php\/webinaire-06-03-2025\/","url":"https:\/\/digitaltwin-alliance.com\/index.php\/webinaire-06-03-2025\/","name":"Webinaire 06-03-2025 - Digital Twin Alliance","isPartOf":{"@id":"https:\/\/digitaltwin-alliance.com\/#website"},"datePublished":"2025-03-10T16:41:16+00:00","dateModified":"2025-03-10T16:57:00+00:00","breadcrumb":{"@id":"https:\/\/digitaltwin-alliance.com\/index.php\/webinaire-06-03-2025\/#breadcrumb"},"inLanguage":"fr-FR","potentialAction":[{"@type":"ReadAction","target":["https:\/\/digitaltwin-alliance.com\/index.php\/webinaire-06-03-2025\/"]}]},{"@type":"BreadcrumbList","@id":"https:\/\/digitaltwin-alliance.com\/index.php\/webinaire-06-03-2025\/#breadcrumb","itemListElement":[{"@type":"ListItem","position":1,"name":"Accueil","item":"https:\/\/digitaltwin-alliance.com\/"},{"@type":"ListItem","position":2,"name":"Webinaire 06-03-2025"}]},{"@type":"WebSite","@id":"https:\/\/digitaltwin-alliance.com\/#website","url":"https:\/\/digitaltwin-alliance.com\/","name":"Digital Twin Alliance","description":"Intelligence collective au service du jumeau num\u00e9rique","publisher":{"@id":"https:\/\/digitaltwin-alliance.com\/#organization"},"alternateName":"Digital Twin Alliance","potentialAction":[{"@type":"SearchAction","target":{"@type":"EntryPoint","urlTemplate":"https:\/\/digitaltwin-alliance.com\/?s={search_term_string}"},"query-input":{"@type":"PropertyValueSpecification","valueRequired":true,"valueName":"search_term_string"}}],"inLanguage":"fr-FR"},{"@type":"Organization","@id":"https:\/\/digitaltwin-alliance.com\/#organization","name":"Digital Twin Alliance","url":"https:\/\/digitaltwin-alliance.com\/","logo":{"@type":"ImageObject","inLanguage":"fr-FR","@id":"https:\/\/digitaltwin-alliance.com\/#\/schema\/logo\/image\/","url":"https:\/\/digitaltwin-alliance.com\/wp-content\/uploads\/2024\/04\/DTA-logo-3.png","contentUrl":"https:\/\/digitaltwin-alliance.com\/wp-content\/uploads\/2024\/04\/DTA-logo-3.png","width":767,"height":272,"caption":"Digital Twin Alliance"},"image":{"@id":"https:\/\/digitaltwin-alliance.com\/#\/schema\/logo\/image\/"},"sameAs":["https:\/\/www.linkedin.com\/showcase\/digital-twin-alliance\/"]}]}},"_links":{"self":[{"href":"https:\/\/digitaltwin-alliance.com\/index.php\/wp-json\/wp\/v2\/pages\/131716","targetHints":{"allow":["GET"]}}],"collection":[{"href":"https:\/\/digitaltwin-alliance.com\/index.php\/wp-json\/wp\/v2\/pages"}],"about":[{"href":"https:\/\/digitaltwin-alliance.com\/index.php\/wp-json\/wp\/v2\/types\/page"}],"author":[{"embeddable":true,"href":"https:\/\/digitaltwin-alliance.com\/index.php\/wp-json\/wp\/v2\/users\/1"}],"replies":[{"embeddable":true,"href":"https:\/\/digitaltwin-alliance.com\/index.php\/wp-json\/wp\/v2\/comments?post=131716"}],"version-history":[{"count":6,"href":"https:\/\/digitaltwin-alliance.com\/index.php\/wp-json\/wp\/v2\/pages\/131716\/revisions"}],"predecessor-version":[{"id":131722,"href":"https:\/\/digitaltwin-alliance.com\/index.php\/wp-json\/wp\/v2\/pages\/131716\/revisions\/131722"}],"wp:attachment":[{"href":"https:\/\/digitaltwin-alliance.com\/index.php\/wp-json\/wp\/v2\/media?parent=131716"}],"curies":[{"name":"wp","href":"https:\/\/api.w.org\/{rel}","templated":true}]}}