{"id":131668,"date":"2025-02-14T11:20:18","date_gmt":"2025-02-14T10:20:18","guid":{"rendered":"https:\/\/digitaltwin-alliance.com\/?page_id=131668"},"modified":"2025-03-03T14:27:17","modified_gmt":"2025-03-03T13:27:17","slug":"webinaire-6-mars","status":"publish","type":"page","link":"https:\/\/digitaltwin-alliance.com\/index.php\/webinaire-6-mars\/","title":{"rendered":"webinaire-6-mars"},"content":{"rendered":"<div class=\"wpb-content-wrapper\"><p>[vc_row row_height_percent=\u00a0\u00bb0&Prime; overlay_alpha=\u00a0\u00bb50&Prime; gutter_size=\u00a0\u00bb3&Prime; column_width_percent=\u00a0\u00bb100&Prime; shift_y=\u00a0\u00bb0&Prime; z_index=\u00a0\u00bb0&Prime; uncode_shortcode_id=\u00a0\u00bb354199&Prime; css=\u00a0\u00bb.vc_custom_1733304957059{margin-bottom: 0px !important;}\u00a0\u00bb][vc_column width=\u00a0\u00bb2\/3&Prime;][vc_single_image media=\u00a0\u00bb131672&Prime; media_width_percent=\u00a0\u00bb85&Prime; uncode_shortcode_id=\u00a0\u00bb109996&Prime;][\/vc_column][vc_column width=\u00a0\u00bb1\/3&Prime;][vc_single_image media=\u00a0\u00bb131683&Prime; media_width_percent=\u00a0\u00bb70&Prime; uncode_shortcode_id=\u00a0\u00bb299354&Prime;][\/vc_column][\/vc_row][vc_row row_height_percent=\u00a0\u00bb0&Prime; override_padding=\u00a0\u00bbyes\u00a0\u00bb h_padding=\u00a0\u00bb2&Prime; top_padding=\u00a0\u00bb0&Prime; bottom_padding=\u00a0\u00bb0&Prime; overlay_alpha=\u00a0\u00bb50&Prime; gutter_size=\u00a0\u00bb3&Prime; column_width_percent=\u00a0\u00bb100&Prime; shift_y=\u00a0\u00bb0&Prime; z_index=\u00a0\u00bb0&Prime; uncode_shortcode_id=\u00a0\u00bb144050&Prime; css=\u00a0\u00bb.vc_custom_1733305119364{margin-top: 0px !important;margin-bottom: 0px !important;}\u00a0\u00bb][vc_column width=\u00a0\u00bb1\/1&Prime;][vc_column_text text_color=\u00a0\u00bbcolor-jevc\u00a0\u00bb uncode_shortcode_id=\u00a0\u00bb147847&Prime; text_color_type=\u00a0\u00bbuncode-palette\u00a0\u00bb]<\/p>\n<p class=\"p1\">Animation : <strong>Anne MANIER<\/strong>, A2M Conseil<\/p>\n<p>[\/vc_column_text][\/vc_column][\/vc_row][vc_row][vc_column width=\u00a0\u00bb2\/3&Prime;][vc_custom_heading text_color=\u00a0\u00bbcolor-116767&Prime; heading_semantic=\u00a0\u00bbh3&Prime; text_font=\u00a0\u00bbfont-411206&Prime; text_size=\u00a0\u00bbh3&Prime; text_weight=\u00a0\u00bb900&Prime; uncode_shortcode_id=\u00a0\u00bb208350&Prime; text_color_type=\u00a0\u00bbuncode-palette\u00a0\u00bb]Les infrastructures doivent r\u00e9pondre \u00e0 des d\u00e9fis croissants en mati\u00e8re de performance, de r\u00e9silience et d\u2019optimisation des ressources. Le jumeau num\u00e9rique de r\u00e9seau se r\u00e9v\u00e8le \u00eatre un levier puissant pour am\u00e9liorer leur gestion, en permettant la simulation, l\u2019analyse en temps r\u00e9el et la prise de d\u00e9cision \u00e9clair\u00e9e.[\/vc_custom_heading][vc_column_text text_color=\u00a0\u00bbcolor-jevc\u00a0\u00bb uncode_shortcode_id=\u00a0\u00bb276910&Prime; text_color_type=\u00a0\u00bbuncode-palette\u00a0\u00bb]Ce webinaire r\u00e9unira cinq intervenants qui partageront leurs exp\u00e9riences sur l\u2019usage des jumeaux num\u00e9riques appliqu\u00e9s aux r\u00e9seaux et infrastructures :<\/p>\n<ul>\n<li><strong>Romain Denefle<\/strong>, pilote de projets R&amp;D chez <strong>EDF<\/strong>, pr\u00e9sentera des exemples concrets d&rsquo;utilisation de jumeaux num\u00e9riques chez EDF pour mod\u00e9liser et optimiser la gestion des mat\u00e9riels et processus dans le secteur de la production d&rsquo;\u00e9lectricit\u00e9 pour r\u00e9pondre \u00e0 des cas d&rsquo;usage de type maintenance pr\u00e9dictive, mesure de performance ou vieillissement et suret\u00e9.<\/li>\n<li><strong>Nicolas Guillemaud<\/strong>, repr\u00e9sentant la direction de l&rsquo;Ing\u00e9nierie et du Patrimoine chez <strong>Eau de Paris<\/strong>, expliquera comment le jumeau num\u00e9rique de r\u00e9seau aide \u00e0 la gestion des infrastructures hydrauliques. Cela se fait notamment via le g\u00e9or\u00e9f\u00e9rencement, la compr\u00e9hension fine du patrimoine existant et la planification d\u2019interventions \u00e0 distance pour une meilleure efficacit\u00e9 et une r\u00e9duction des risques.<\/li>\n<li><strong>Amira Ben Hamida<\/strong>, coordinatrice du programme Jumeaux Num\u00e9riques Industriels \u00e0 l&rsquo;<strong>IRT SystemX<\/strong>, partagera des retours d&rsquo;exp\u00e9rience sur l&rsquo;application des jumeaux num\u00e9riques \u00e0 travers plusieurs projets en cours. Elle abordera notamment leur contribution \u00e0 l&rsquo;optimisation des consommations \u00e9nerg\u00e9tiques, \u00e0 l&rsquo;am\u00e9lioration de la gestion thermique urbaine et au renforcement de la r\u00e9silience \u00e9cologique des territoires. Elle mettra \u00e9galement en lumi\u00e8re les principaux d\u00e9fis li\u00e9s \u00e0 leur d\u00e9ploiement en milieu industriel, tels que l&rsquo;interop\u00e9rabilit\u00e9 avec les syst\u00e8mes existants et la cybers\u00e9curit\u00e9.<\/li>\n<li>D\u00e9couvrez comment le jumeau num\u00e9rique optimise la gestion et l&rsquo;exploitation de la <strong>Tour Saint-Gobain<\/strong> avec <strong>St\u00e9phane Delevacque<\/strong> &amp; <strong>St\u00e9phane Patrix<\/strong>. De la maintenance pr\u00e9dictive \u00e0 l&rsquo;adaptation des espaces, en passant par la mise \u00e0 jour continue des donn\u00e9es, ils pr\u00e9senteront les cas d&rsquo;usage concrets qui am\u00e9liorent le confort, la s\u00e9curit\u00e9 et la performance \u00e9nerg\u00e9tique. Une d\u00e9monstration de l&rsquo;impact des jumeaux num\u00e9riques pour une gestion plus efficace et durable des b\u00e2timents.<\/li>\n<\/ul>\n<div>\n<p>\u00c0 travers ces t\u00e9moignages compl\u00e9mentaires, ce webinaire offrira une vision approfondie du r\u00f4le des jumeaux num\u00e9riques dans l\u2019exploitation des infrastructures et des r\u00e9seaux. Une occasion unique d\u2019explorer leurs b\u00e9n\u00e9fices concrets et les d\u00e9fis \u00e0 relever pour leur mise en \u0153uvre efficace.<\/p>\n<\/div>\n<p>[\/vc_column_text][\/vc_column][vc_column width=\u00a0\u00bb1\/3&Prime;][vc_single_image media=\u00a0\u00bb131677&Prime; media_width_percent=\u00a0\u00bb80&Prime; css_animation=\u00a0\u00bbright-t-left\u00a0\u00bb uncode_shortcode_id=\u00a0\u00bb584073&Prime;][vc_button button_color=\u00a0\u00bbcolor-116767&Prime; size=\u00a0\u00bbbtn-xl\u00a0\u00bb custom_typo=\u00a0\u00bbyes\u00a0\u00bb font_family=\u00a0\u00bbfont-154492&Prime; font_weight=\u00a0\u00bb900&Prime; border_width=\u00a0\u00bb2&Prime; link=\u00a0\u00bburl:https%3A%2F%2Fptolemee.typeform.com%2Fto%2FqK66UFvO|target:_blank\u00a0\u00bb button_color_type=\u00a0\u00bbuncode-palette\u00a0\u00bb uncode_shortcode_id=\u00a0\u00bb251047&Prime;]Je m&rsquo;inscris[\/vc_button][vc_column_text text_lead=\u00a0\u00bbsmall\u00a0\u00bb text_color=\u00a0\u00bbcolor-jevc\u00a0\u00bb uncode_shortcode_id=\u00a0\u00bb173575&Prime; text_color_type=\u00a0\u00bbuncode-palette\u00a0\u00bb css=\u00a0\u00bb.vc_custom_1728465407280{margin-top: 5px !important;}\u00a0\u00bb]<em>Participation gratuite.<br \/>\nLe nombre de places est limit\u00e9 et les membres DTA sont prioritaires.<\/em>[\/vc_column_text][\/vc_column][\/vc_row][vc_row row_height_percent=\u00a0\u00bb0&Prime; override_padding=\u00a0\u00bbyes\u00a0\u00bb h_padding=\u00a0\u00bb2&Prime; top_padding=\u00a0\u00bb2&Prime; bottom_padding=\u00a0\u00bb0&Prime; back_color=\u00a0\u00bbcolor-lxmt\u00a0\u00bb overlay_alpha=\u00a0\u00bb50&Prime; gutter_size=\u00a0\u00bb3&Prime; column_width_percent=\u00a0\u00bb100&Prime; shift_y=\u00a0\u00bb0&Prime; z_index=\u00a0\u00bb0&Prime; uncode_shortcode_id=\u00a0\u00bb206498&Prime; back_color_type=\u00a0\u00bbuncode-palette\u00a0\u00bb][vc_column width=\u00a0\u00bb1\/1&Prime;][vc_custom_heading text_color=\u00a0\u00bbcolor-prif\u00a0\u00bb text_font=\u00a0\u00bbfont-154492&Prime; text_weight=\u00a0\u00bb900&Prime; uncode_shortcode_id=\u00a0\u00bb707689&Prime; text_color_type=\u00a0\u00bbuncode-palette\u00a0\u00bb]Informations pratiques[\/vc_custom_heading][\/vc_column][\/vc_row][vc_row row_height_percent=\u00a0\u00bb0&Prime; override_padding=\u00a0\u00bbyes\u00a0\u00bb h_padding=\u00a0\u00bb2&Prime; top_padding=\u00a0\u00bb2&Prime; bottom_padding=\u00a0\u00bb2&Prime; back_color=\u00a0\u00bbcolor-lxmt\u00a0\u00bb overlay_alpha=\u00a0\u00bb50&Prime; gutter_size=\u00a0\u00bb3&Prime; column_width_percent=\u00a0\u00bb100&Prime; shift_y=\u00a0\u00bb0&Prime; z_index=\u00a0\u00bb0&Prime; uncode_shortcode_id=\u00a0\u00bb111606&Prime; back_color_type=\u00a0\u00bbuncode-palette\u00a0\u00bb][vc_column column_width_percent=\u00a0\u00bb100&Prime; gutter_size=\u00a0\u00bb3&Prime; override_padding=\u00a0\u00bbyes\u00a0\u00bb column_padding=\u00a0\u00bb1&Prime; overlay_alpha=\u00a0\u00bb50&Prime; shift_x=\u00a0\u00bb0&Prime; shift_y=\u00a0\u00bb0&Prime; shift_y_down=\u00a0\u00bb0&Prime; z_index=\u00a0\u00bb0&Prime; medium_width=\u00a0\u00bb0&Prime; mobile_width=\u00a0\u00bb0&Prime; width=\u00a0\u00bb1\/3&Prime; uncode_shortcode_id=\u00a0\u00bb123873&Prime;][vc_custom_heading text_color=\u00a0\u00bbcolor-782615&Prime; heading_semantic=\u00a0\u00bbh5&Prime; text_font=\u00a0\u00bbfont-154492&Prime; text_size=\u00a0\u00bbh5&Prime; text_weight=\u00a0\u00bb500&Prime; uncode_shortcode_id=\u00a0\u00bb495930&Prime; text_color_type=\u00a0\u00bbuncode-palette\u00a0\u00bb]DATE ET HORAIRES[\/vc_custom_heading][vc_column_text text_color=\u00a0\u00bbcolor-jevc\u00a0\u00bb uncode_shortcode_id=\u00a0\u00bb116315&Prime; text_color_type=\u00a0\u00bbuncode-palette\u00a0\u00bb css=\u00a0\u00bb.vc_custom_1739531061088{margin-top: 0px !important;}\u00a0\u00bb]<strong>Jeudi 6 mars 2025<\/strong><br \/>\n\u00e0 partir de 10h30[\/vc_column_text][\/vc_column][vc_column width=\u00a0\u00bb1\/3&Prime;][vc_custom_heading text_color=\u00a0\u00bbcolor-782615&Prime; heading_semantic=\u00a0\u00bbh5&Prime; text_font=\u00a0\u00bbfont-154492&Prime; text_size=\u00a0\u00bbh5&Prime; text_weight=\u00a0\u00bb500&Prime; uncode_shortcode_id=\u00a0\u00bb102454&Prime; text_color_type=\u00a0\u00bbuncode-palette\u00a0\u00bb]WEBINAIRE[\/vc_custom_heading][vc_column_text text_color=\u00a0\u00bbcolor-jevc\u00a0\u00bb uncode_shortcode_id=\u00a0\u00bb131072&Prime; text_color_type=\u00a0\u00bbuncode-palette\u00a0\u00bb css=\u00a0\u00bb.vc_custom_1728465417212{margin-top: 0px !important;}\u00a0\u00bb]Vous recevrez le lien de connexion la veille de l&rsquo;\u00e9v\u00e9nement.[\/vc_column_text][\/vc_column][vc_column width=\u00a0\u00bb1\/3&Prime;][\/vc_column][\/vc_row][vc_row row_height_percent=\u00a0\u00bb0&Prime; override_padding=\u00a0\u00bbyes\u00a0\u00bb h_padding=\u00a0\u00bb2&Prime; top_padding=\u00a0\u00bb6&Prime; bottom_padding=\u00a0\u00bb6&Prime; back_color=\u00a0\u00bbcolor-jevc\u00a0\u00bb overlay_alpha=\u00a0\u00bb50&Prime; gutter_size=\u00a0\u00bb3&Prime; column_width_percent=\u00a0\u00bb100&Prime; shift_y=\u00a0\u00bb0&Prime; z_index=\u00a0\u00bb2&Prime; uncode_shortcode_id=\u00a0\u00bb169203&Prime; back_color_type=\u00a0\u00bbuncode-palette\u00a0\u00bb][vc_column column_width_percent=\u00a0\u00bb100&Prime; position_vertical=\u00a0\u00bbmiddle\u00a0\u00bb align_horizontal=\u00a0\u00bbalign_center\u00a0\u00bb gutter_size=\u00a0\u00bb4&Prime; style=\u00a0\u00bbdark\u00a0\u00bb font_family=\u00a0\u00bbfont-136269&Prime; overlay_alpha=\u00a0\u00bb50&Prime; shift_x=\u00a0\u00bb0&Prime; shift_y=\u00a0\u00bb0&Prime; shift_y_down=\u00a0\u00bb0&Prime; z_index=\u00a0\u00bb0&Prime; medium_width=\u00a0\u00bb0&Prime; mobile_width=\u00a0\u00bb0&Prime; css_animation=\u00a0\u00bbalpha-anim\u00a0\u00bb animation_speed=\u00a0\u00bb1000&Prime; width=\u00a0\u00bb1\/1&Prime; uncode_shortcode_id=\u00a0\u00bb166338&Prime;][vc_row_inner row_inner_height_percent=\u00a0\u00bb0&Prime; overlay_alpha=\u00a0\u00bb50&Prime; gutter_size=\u00a0\u00bb4&Prime; shift_y=\u00a0\u00bb0&Prime; z_index=\u00a0\u00bb0&Prime; limit_content=\u00a0\u00bb\u00a0\u00bb uncode_shortcode_id=\u00a0\u00bb236484&Prime;][vc_column_inner column_width_percent=\u00a0\u00bb100&Prime; gutter_size=\u00a0\u00bb3&Prime; style=\u00a0\u00bbdark\u00a0\u00bb overlay_alpha=\u00a0\u00bb50&Prime; preserve_border=\u00a0\u00bbyes\u00a0\u00bb preserve_border_mobile=\u00a0\u00bbyes\u00a0\u00bb shift_x=\u00a0\u00bb0&Prime; shift_y=\u00a0\u00bb0&Prime; shift_y_down=\u00a0\u00bb0&Prime; z_index=\u00a0\u00bb0&Prime; medium_width=\u00a0\u00bb3&Prime; align_mobile=\u00a0\u00bbalign_center_mobile\u00a0\u00bb mobile_width=\u00a0\u00bb0&Prime; width=\u00a0\u00bb1\/4&Prime; uncode_shortcode_id=\u00a0\u00bb851365&Prime;][vc_single_image media=\u00a0\u00bb131501&Prime; media_width_percent=\u00a0\u00bb55&Prime; alignment=\u00a0\u00bbcenter\u00a0\u00bb uncode_shortcode_id=\u00a0\u00bb182108&Prime;][\/vc_column_inner][vc_column_inner column_width_percent=\u00a0\u00bb100&Prime; gutter_size=\u00a0\u00bb3&Prime; style=\u00a0\u00bbdark\u00a0\u00bb font_family=\u00a0\u00bbfont-136269&Prime; overlay_alpha=\u00a0\u00bb50&Prime; shift_x=\u00a0\u00bb0&Prime; shift_y=\u00a0\u00bb0&Prime; shift_y_down=\u00a0\u00bb0&Prime; z_index=\u00a0\u00bb0&Prime; medium_width=\u00a0\u00bb3&Prime; align_mobile=\u00a0\u00bbalign_center_mobile\u00a0\u00bb mobile_width=\u00a0\u00bb0&Prime; width=\u00a0\u00bb1\/4&Prime; uncode_shortcode_id=\u00a0\u00bb111074&Prime;][vc_custom_heading text_font=\u00a0\u00bbfont-154492&Prime; text_size=\u00a0\u00bbh3&Prime; text_weight=\u00a0\u00bb900&Prime; uncode_shortcode_id=\u00a0\u00bb341532&Prime;]Contact[\/vc_custom_heading][vc_column_text uncode_shortcode_id=\u00a0\u00bb152964&Prime;]<a href=\"mailto:dta@ptolemee.com\">dta@ptolemee.com<\/a>[\/vc_column_text][\/vc_column_inner][vc_column_inner column_width_percent=\u00a0\u00bb100&Prime; gutter_size=\u00a0\u00bb3&Prime; style=\u00a0\u00bbdark\u00a0\u00bb font_family=\u00a0\u00bbfont-136269&Prime; overlay_alpha=\u00a0\u00bb50&Prime; shift_x=\u00a0\u00bb0&Prime; shift_y=\u00a0\u00bb0&Prime; shift_y_down=\u00a0\u00bb0&Prime; z_index=\u00a0\u00bb0&Prime; medium_width=\u00a0\u00bb3&Prime; align_mobile=\u00a0\u00bbalign_center_mobile\u00a0\u00bb mobile_width=\u00a0\u00bb0&Prime; width=\u00a0\u00bb1\/4&Prime; uncode_shortcode_id=\u00a0\u00bb168888&Prime;][vc_custom_heading text_font=\u00a0\u00bbfont-154492&Prime; text_size=\u00a0\u00bbh3&Prime; text_weight=\u00a0\u00bb900&Prime; uncode_shortcode_id=\u00a0\u00bb210658&Prime;]\u00c0 propos de[\/vc_custom_heading][vc_column_text uncode_shortcode_id=\u00a0\u00bb179308&Prime;]<a href=\"https:\/\/digitaltwin-alliance.com\/index.php\/ptolemee\/\">Ptol\u00e9m\u00e9e<\/a><br \/>\n<a href=\"https:\/\/digitaltwin-alliance.com\/index.php\/mentions-legales\/\">Mentions l\u00e9gales<\/a>[\/vc_column_text][\/vc_column_inner][vc_column_inner column_width_percent=\u00a0\u00bb100&Prime; gutter_size=\u00a0\u00bb3&Prime; style=\u00a0\u00bbdark\u00a0\u00bb font_family=\u00a0\u00bbfont-136269&Prime; overlay_alpha=\u00a0\u00bb50&Prime; shift_x=\u00a0\u00bb0&Prime; shift_y=\u00a0\u00bb0&Prime; shift_y_down=\u00a0\u00bb0&Prime; z_index=\u00a0\u00bb0&Prime; medium_width=\u00a0\u00bb7&Prime; align_mobile=\u00a0\u00bbalign_center_mobile\u00a0\u00bb mobile_width=\u00a0\u00bb0&Prime; width=\u00a0\u00bb1\/4&Prime; uncode_shortcode_id=\u00a0\u00bb158725&Prime;][vc_custom_heading text_font=\u00a0\u00bbfont-154492&Prime; text_size=\u00a0\u00bbh3&Prime; text_weight=\u00a0\u00bb900&Prime; uncode_shortcode_id=\u00a0\u00bb151576&Prime;]Suivez-nous[\/vc_custom_heading][vc_single_image media=\u00a0\u00bb131494&Prime; media_width_percent=\u00a0\u00bb20&Prime; alignment=\u00a0\u00bbcenter\u00a0\u00bb uncode_shortcode_id=\u00a0\u00bb139345&Prime; media_link=\u00a0\u00bburl:https%3A%2F%2Fwww.linkedin.com%2Fshowcase%2Fdigital-twin-alliance%2F|target:_blank\u00a0\u00bb][\/vc_column_inner][\/vc_row_inner][\/vc_column][\/vc_row]<\/p>\n<\/div>","protected":false},"excerpt":{"rendered":"<p>[vc_row row_height_percent=\u00a0\u00bb0&Prime; overlay_alpha=\u00a0\u00bb50&Prime; gutter_size=\u00a0\u00bb3&Prime; column_width_percent=\u00a0\u00bb100&Prime; shift_y=\u00a0\u00bb0&Prime; z_index=\u00a0\u00bb0&Prime; uncode_shortcode_id=\u00a0\u00bb354199&Prime; css=\u00a0\u00bb.vc_custom_1733304957059{margin-bottom: 0px !important;}\u00a0\u00bb][vc_column width=\u00a0\u00bb2\/3&Prime;][vc_single_image media=\u00a0\u00bb131672&Prime; media_width_percent=\u00a0\u00bb85&Prime; uncode_shortcode_id=\u00a0\u00bb109996&Prime;][\/vc_column][vc_column width=\u00a0\u00bb1\/3&Prime;][vc_single_image media=\u00a0\u00bb131683&Prime; media_width_percent=\u00a0\u00bb70&Prime; uncode_shortcode_id=\u00a0\u00bb299354&Prime;][\/vc_column][\/vc_row][vc_row row_height_percent=\u00a0\u00bb0&Prime; [&hellip;]<\/p>\n","protected":false},"author":1,"featured_media":0,"parent":0,"menu_order":0,"comment_status":"closed","ping_status":"closed","template":"","meta":{"footnotes":""},"class_list":["post-131668","page","type-page","status-publish","hentry"],"yoast_head":"<!-- This site is optimized with the Yoast SEO plugin v24.5 - https:\/\/yoast.com\/wordpress\/plugins\/seo\/ -->\n<title>webinaire-6-mars - Digital Twin Alliance<\/title>\n<meta name=\"robots\" content=\"index, follow, max-snippet:-1, max-image-preview:large, max-video-preview:-1\" \/>\n<link rel=\"canonical\" href=\"https:\/\/digitaltwin-alliance.com\/index.php\/webinaire-6-mars\/\" \/>\n<meta property=\"og:locale\" content=\"fr_FR\" \/>\n<meta property=\"og:type\" content=\"article\" \/>\n<meta property=\"og:title\" content=\"webinaire-6-mars - Digital Twin Alliance\" \/>\n<meta property=\"og:description\" content=\"[vc_row row_height_percent=\u00a0\u00bb0&Prime; overlay_alpha=\u00a0\u00bb50&Prime; gutter_size=\u00a0\u00bb3&Prime; column_width_percent=\u00a0\u00bb100&Prime; shift_y=\u00a0\u00bb0&Prime; z_index=\u00a0\u00bb0&Prime; uncode_shortcode_id=\u00a0\u00bb354199&Prime; css=\u00a0\u00bb.vc_custom_1733304957059{margin-bottom: 0px !important;}\u00a0\u00bb][vc_column width=\u00a0\u00bb2\/3&Prime;][vc_single_image media=\u00a0\u00bb131672&Prime; media_width_percent=\u00a0\u00bb85&Prime; uncode_shortcode_id=\u00a0\u00bb109996&Prime;][\/vc_column][vc_column width=\u00a0\u00bb1\/3&Prime;][vc_single_image media=\u00a0\u00bb131683&Prime; media_width_percent=\u00a0\u00bb70&Prime; uncode_shortcode_id=\u00a0\u00bb299354&Prime;][\/vc_column][\/vc_row][vc_row row_height_percent=\u00a0\u00bb0&Prime; [&hellip;]\" \/>\n<meta property=\"og:url\" content=\"https:\/\/digitaltwin-alliance.com\/index.php\/webinaire-6-mars\/\" \/>\n<meta property=\"og:site_name\" content=\"Digital Twin Alliance\" \/>\n<meta property=\"article:modified_time\" content=\"2025-03-03T13:27:17+00:00\" \/>\n<meta property=\"og:image\" content=\"https:\/\/digitaltwin-alliance.com\/wp-content\/uploads\/2024\/06\/IMAGE-SITE-DTA.png\" \/>\n\t<meta property=\"og:image:width\" content=\"1200\" \/>\n\t<meta property=\"og:image:height\" content=\"675\" \/>\n\t<meta property=\"og:image:type\" content=\"image\/png\" \/>\n<meta name=\"twitter:card\" content=\"summary_large_image\" \/>\n<meta name=\"twitter:label1\" content=\"Dur\u00e9e de lecture estim\u00e9e\" \/>\n\t<meta name=\"twitter:data1\" content=\"4 minutes\" \/>\n<script type=\"application\/ld+json\" class=\"yoast-schema-graph\">{\"@context\":\"https:\/\/schema.org\",\"@graph\":[{\"@type\":\"WebPage\",\"@id\":\"https:\/\/digitaltwin-alliance.com\/index.php\/webinaire-6-mars\/\",\"url\":\"https:\/\/digitaltwin-alliance.com\/index.php\/webinaire-6-mars\/\",\"name\":\"webinaire-6-mars - Digital Twin Alliance\",\"isPartOf\":{\"@id\":\"https:\/\/digitaltwin-alliance.com\/#website\"},\"datePublished\":\"2025-02-14T10:20:18+00:00\",\"dateModified\":\"2025-03-03T13:27:17+00:00\",\"breadcrumb\":{\"@id\":\"https:\/\/digitaltwin-alliance.com\/index.php\/webinaire-6-mars\/#breadcrumb\"},\"inLanguage\":\"fr-FR\",\"potentialAction\":[{\"@type\":\"ReadAction\",\"target\":[\"https:\/\/digitaltwin-alliance.com\/index.php\/webinaire-6-mars\/\"]}]},{\"@type\":\"BreadcrumbList\",\"@id\":\"https:\/\/digitaltwin-alliance.com\/index.php\/webinaire-6-mars\/#breadcrumb\",\"itemListElement\":[{\"@type\":\"ListItem\",\"position\":1,\"name\":\"Accueil\",\"item\":\"https:\/\/digitaltwin-alliance.com\/\"},{\"@type\":\"ListItem\",\"position\":2,\"name\":\"webinaire-6-mars\"}]},{\"@type\":\"WebSite\",\"@id\":\"https:\/\/digitaltwin-alliance.com\/#website\",\"url\":\"https:\/\/digitaltwin-alliance.com\/\",\"name\":\"Digital Twin Alliance\",\"description\":\"Intelligence collective au service du jumeau num\u00e9rique\",\"publisher\":{\"@id\":\"https:\/\/digitaltwin-alliance.com\/#organization\"},\"alternateName\":\"Digital Twin Alliance\",\"potentialAction\":[{\"@type\":\"SearchAction\",\"target\":{\"@type\":\"EntryPoint\",\"urlTemplate\":\"https:\/\/digitaltwin-alliance.com\/?s={search_term_string}\"},\"query-input\":{\"@type\":\"PropertyValueSpecification\",\"valueRequired\":true,\"valueName\":\"search_term_string\"}}],\"inLanguage\":\"fr-FR\"},{\"@type\":\"Organization\",\"@id\":\"https:\/\/digitaltwin-alliance.com\/#organization\",\"name\":\"Digital Twin Alliance\",\"url\":\"https:\/\/digitaltwin-alliance.com\/\",\"logo\":{\"@type\":\"ImageObject\",\"inLanguage\":\"fr-FR\",\"@id\":\"https:\/\/digitaltwin-alliance.com\/#\/schema\/logo\/image\/\",\"url\":\"https:\/\/digitaltwin-alliance.com\/wp-content\/uploads\/2024\/04\/DTA-logo-3.png\",\"contentUrl\":\"https:\/\/digitaltwin-alliance.com\/wp-content\/uploads\/2024\/04\/DTA-logo-3.png\",\"width\":767,\"height\":272,\"caption\":\"Digital Twin Alliance\"},\"image\":{\"@id\":\"https:\/\/digitaltwin-alliance.com\/#\/schema\/logo\/image\/\"},\"sameAs\":[\"https:\/\/www.linkedin.com\/showcase\/digital-twin-alliance\/\"]}]}<\/script>\n<!-- \/ Yoast SEO plugin. -->","yoast_head_json":{"title":"webinaire-6-mars - Digital Twin Alliance","robots":{"index":"index","follow":"follow","max-snippet":"max-snippet:-1","max-image-preview":"max-image-preview:large","max-video-preview":"max-video-preview:-1"},"canonical":"https:\/\/digitaltwin-alliance.com\/index.php\/webinaire-6-mars\/","og_locale":"fr_FR","og_type":"article","og_title":"webinaire-6-mars - Digital Twin Alliance","og_description":"[vc_row row_height_percent=\u00a0\u00bb0&Prime; overlay_alpha=\u00a0\u00bb50&Prime; gutter_size=\u00a0\u00bb3&Prime; column_width_percent=\u00a0\u00bb100&Prime; shift_y=\u00a0\u00bb0&Prime; z_index=\u00a0\u00bb0&Prime; uncode_shortcode_id=\u00a0\u00bb354199&Prime; css=\u00a0\u00bb.vc_custom_1733304957059{margin-bottom: 0px !important;}\u00a0\u00bb][vc_column width=\u00a0\u00bb2\/3&Prime;][vc_single_image media=\u00a0\u00bb131672&Prime; media_width_percent=\u00a0\u00bb85&Prime; uncode_shortcode_id=\u00a0\u00bb109996&Prime;][\/vc_column][vc_column width=\u00a0\u00bb1\/3&Prime;][vc_single_image media=\u00a0\u00bb131683&Prime; media_width_percent=\u00a0\u00bb70&Prime; uncode_shortcode_id=\u00a0\u00bb299354&Prime;][\/vc_column][\/vc_row][vc_row row_height_percent=\u00a0\u00bb0&Prime; [&hellip;]","og_url":"https:\/\/digitaltwin-alliance.com\/index.php\/webinaire-6-mars\/","og_site_name":"Digital Twin Alliance","article_modified_time":"2025-03-03T13:27:17+00:00","og_image":[{"width":1200,"height":675,"url":"https:\/\/digitaltwin-alliance.com\/wp-content\/uploads\/2024\/06\/IMAGE-SITE-DTA.png","type":"image\/png"}],"twitter_card":"summary_large_image","twitter_misc":{"Dur\u00e9e de lecture estim\u00e9e":"4 minutes"},"schema":{"@context":"https:\/\/schema.org","@graph":[{"@type":"WebPage","@id":"https:\/\/digitaltwin-alliance.com\/index.php\/webinaire-6-mars\/","url":"https:\/\/digitaltwin-alliance.com\/index.php\/webinaire-6-mars\/","name":"webinaire-6-mars - Digital Twin Alliance","isPartOf":{"@id":"https:\/\/digitaltwin-alliance.com\/#website"},"datePublished":"2025-02-14T10:20:18+00:00","dateModified":"2025-03-03T13:27:17+00:00","breadcrumb":{"@id":"https:\/\/digitaltwin-alliance.com\/index.php\/webinaire-6-mars\/#breadcrumb"},"inLanguage":"fr-FR","potentialAction":[{"@type":"ReadAction","target":["https:\/\/digitaltwin-alliance.com\/index.php\/webinaire-6-mars\/"]}]},{"@type":"BreadcrumbList","@id":"https:\/\/digitaltwin-alliance.com\/index.php\/webinaire-6-mars\/#breadcrumb","itemListElement":[{"@type":"ListItem","position":1,"name":"Accueil","item":"https:\/\/digitaltwin-alliance.com\/"},{"@type":"ListItem","position":2,"name":"webinaire-6-mars"}]},{"@type":"WebSite","@id":"https:\/\/digitaltwin-alliance.com\/#website","url":"https:\/\/digitaltwin-alliance.com\/","name":"Digital Twin Alliance","description":"Intelligence collective au service du jumeau num\u00e9rique","publisher":{"@id":"https:\/\/digitaltwin-alliance.com\/#organization"},"alternateName":"Digital Twin Alliance","potentialAction":[{"@type":"SearchAction","target":{"@type":"EntryPoint","urlTemplate":"https:\/\/digitaltwin-alliance.com\/?s={search_term_string}"},"query-input":{"@type":"PropertyValueSpecification","valueRequired":true,"valueName":"search_term_string"}}],"inLanguage":"fr-FR"},{"@type":"Organization","@id":"https:\/\/digitaltwin-alliance.com\/#organization","name":"Digital Twin Alliance","url":"https:\/\/digitaltwin-alliance.com\/","logo":{"@type":"ImageObject","inLanguage":"fr-FR","@id":"https:\/\/digitaltwin-alliance.com\/#\/schema\/logo\/image\/","url":"https:\/\/digitaltwin-alliance.com\/wp-content\/uploads\/2024\/04\/DTA-logo-3.png","contentUrl":"https:\/\/digitaltwin-alliance.com\/wp-content\/uploads\/2024\/04\/DTA-logo-3.png","width":767,"height":272,"caption":"Digital Twin Alliance"},"image":{"@id":"https:\/\/digitaltwin-alliance.com\/#\/schema\/logo\/image\/"},"sameAs":["https:\/\/www.linkedin.com\/showcase\/digital-twin-alliance\/"]}]}},"_links":{"self":[{"href":"https:\/\/digitaltwin-alliance.com\/index.php\/wp-json\/wp\/v2\/pages\/131668","targetHints":{"allow":["GET"]}}],"collection":[{"href":"https:\/\/digitaltwin-alliance.com\/index.php\/wp-json\/wp\/v2\/pages"}],"about":[{"href":"https:\/\/digitaltwin-alliance.com\/index.php\/wp-json\/wp\/v2\/types\/page"}],"author":[{"embeddable":true,"href":"https:\/\/digitaltwin-alliance.com\/index.php\/wp-json\/wp\/v2\/users\/1"}],"replies":[{"embeddable":true,"href":"https:\/\/digitaltwin-alliance.com\/index.php\/wp-json\/wp\/v2\/comments?post=131668"}],"version-history":[{"count":11,"href":"https:\/\/digitaltwin-alliance.com\/index.php\/wp-json\/wp\/v2\/pages\/131668\/revisions"}],"predecessor-version":[{"id":131684,"href":"https:\/\/digitaltwin-alliance.com\/index.php\/wp-json\/wp\/v2\/pages\/131668\/revisions\/131684"}],"wp:attachment":[{"href":"https:\/\/digitaltwin-alliance.com\/index.php\/wp-json\/wp\/v2\/media?parent=131668"}],"curies":[{"name":"wp","href":"https:\/\/api.w.org\/{rel}","templated":true}]}}