{"id":131439,"date":"2024-04-29T10:24:25","date_gmt":"2024-04-29T08:24:25","guid":{"rendered":"https:\/\/digitaltwin-alliance.com\/?page_id=131439"},"modified":"2024-07-11T16:12:52","modified_gmt":"2024-07-11T14:12:52","slug":"mentions-legales","status":"publish","type":"page","link":"https:\/\/digitaltwin-alliance.com\/index.php\/mentions-legales\/","title":{"rendered":"Mentions l\u00e9gales"},"content":{"rendered":"<div class=\"wpb-content-wrapper\"><p>[vc_row][vc_column width=\u00a0\u00bb1\/1&Prime;][vc_custom_heading heading_semantic=\u00a0\u00bbh1&Prime; text_font=\u00a0\u00bbfont-154492&Prime; text_size=\u00a0\u00bbh1&Prime; text_weight=\u00a0\u00bb800&Prime; uncode_shortcode_id=\u00a0\u00bb166495&Prime;]Site Digital Twin Alliance[\/vc_custom_heading][vc_column_text text_lead=\u00a0\u00bbyes\u00a0\u00bb text_color=\u00a0\u00bbcolor-nhtu\u00a0\u00bb uncode_shortcode_id=\u00a0\u00bb362263&Prime; text_color_type=\u00a0\u00bbuncode-palette\u00a0\u00bb]Le site digitaltwin-alliance.com est \u00e9dit\u00e9 par la soci\u00e9t\u00e9 Ptol\u00e9m\u00e9e, SARL au capital de 41 923,75 \u20ac, immatricul\u00e9e au R.C.S de Paris sous le num\u00e9ro B418 453 197, dont le si\u00e8ge social est situ\u00e9 au 4 cit\u00e9 Paradis, 75010 Paris et qui peut \u00eatre contact\u00e9e par email \u00e0 l\u2019adresse suivante : dta@ptolemee.com et par t\u00e9l\u00e9phone au 01 47 70 45 80.<\/p>\n<p>Directeur de publication : Monsieur Patrick Falfus.<\/p>\n<p>L\u2019h\u00e9bergement du site est assur\u00e9 par la soci\u00e9t\u00e9 OVH, soci\u00e9t\u00e9 par actions simplifi\u00e9e dont le si\u00e8ge social est situ\u00e9 au 2, rue Kellermann, 59100 Roubaix.[\/vc_column_text][vc_custom_heading text_font=\u00a0\u00bbfont-154492&Prime; text_weight=\u00a0\u00bb600&Prime; uncode_shortcode_id=\u00a0\u00bb208222&Prime;]RGPD[\/vc_custom_heading][vc_column_text text_lead=\u00a0\u00bbyes\u00a0\u00bb text_color=\u00a0\u00bbcolor-nhtu\u00a0\u00bb uncode_shortcode_id=\u00a0\u00bb102649&Prime; text_color_type=\u00a0\u00bbuncode-palette\u00a0\u00bb]Les donn\u00e9es \u00e0 caract\u00e8re personnel collect\u00e9es sur notre site sont r\u00e9serv\u00e9es \u00e0 l\u2019usage du club dans le cadre d\u2019envoi d\u2019e-mail (informations, invitations\u2026) et ne sont en aucun cessibles \u00e0 un tiers.<br \/>\nConform\u00e9ment \u00e0 la loi informatique et libert\u00e9s du 6 janvier 1978, vous disposez d\u2019un droit d\u2019acc\u00e8s, de rectification et d\u2019opposition aux donn\u00e9es personnelles vous concernant. Il vous suffit de nous \u00e9crire \u00e0 l\u2019adresse rgpd@ptolemee.com, en nous indiquant vos nom, pr\u00e9nom et l\u2019email avec lequel vous vous \u00eates inscrit ou en \u00e9crivant \u00e0 cette adresse : PTOL\u00c9M\u00c9E, 4 Cit\u00e9 Paradis, 75010 Paris.<br \/>\nL\u2019Utilisateur peut se d\u00e9sinscrire aux newsletters ou emails marketing d\u2019un \u00e9v\u00e9nement de PTOL\u00c9M\u00c9E en cliquant sur les liens de d\u00e9sinscription figurant dans chacun des emails.<\/p>\n<p>Vous pouvez adresser une r\u00e9clamation \u00e0 la CNIL si vous l\u2019estimez n\u00e9cessaire.<\/p>\n<p>Lors de la consultation de notre site, des informations relatives \u00e0 la navigation de votre terminal (ordinateur, tablette, smartphone, etc.) sur notre site, sont susceptibles d\u2019\u00eatre enregistr\u00e9es dans des fichiers \u00ab cookies \u00bb install\u00e9s sur votre terminal, sous r\u00e9serve des choix que vous auriez exprim\u00e9s concernant les cookies et que vous pouvez modifier \u00e0 tout moment.[\/vc_column_text][vc_column_text text_lead=\u00a0\u00bbyes\u00a0\u00bb text_color=\u00a0\u00bbcolor-nhtu\u00a0\u00bb uncode_shortcode_id=\u00a0\u00bb132687&Prime; text_color_type=\u00a0\u00bbuncode-palette\u00a0\u00bb]Iconographie :<br \/>\nDroits photos \u00a9Jessy Murcia \/ \u00a9 Pauline &amp; Mehdi.[\/vc_column_text][\/vc_column][\/vc_row][vc_row row_height_percent=\u00a0\u00bb0&Prime; override_padding=\u00a0\u00bbyes\u00a0\u00bb h_padding=\u00a0\u00bb2&Prime; top_padding=\u00a0\u00bb6&Prime; bottom_padding=\u00a0\u00bb6&Prime; back_color=\u00a0\u00bbcolor-jevc\u00a0\u00bb overlay_alpha=\u00a0\u00bb50&Prime; gutter_size=\u00a0\u00bb3&Prime; column_width_percent=\u00a0\u00bb100&Prime; shift_y=\u00a0\u00bb0&Prime; z_index=\u00a0\u00bb2&Prime; uncode_shortcode_id=\u00a0\u00bb169203&Prime; back_color_type=\u00a0\u00bbuncode-palette\u00a0\u00bb][vc_column column_width_percent=\u00a0\u00bb100&Prime; position_vertical=\u00a0\u00bbmiddle\u00a0\u00bb align_horizontal=\u00a0\u00bbalign_center\u00a0\u00bb gutter_size=\u00a0\u00bb4&Prime; style=\u00a0\u00bbdark\u00a0\u00bb font_family=\u00a0\u00bbfont-136269&Prime; overlay_alpha=\u00a0\u00bb50&Prime; shift_x=\u00a0\u00bb0&Prime; shift_y=\u00a0\u00bb0&Prime; shift_y_down=\u00a0\u00bb0&Prime; z_index=\u00a0\u00bb0&Prime; medium_width=\u00a0\u00bb0&Prime; mobile_width=\u00a0\u00bb0&Prime; css_animation=\u00a0\u00bbalpha-anim\u00a0\u00bb animation_speed=\u00a0\u00bb1000&Prime; width=\u00a0\u00bb1\/1&Prime; uncode_shortcode_id=\u00a0\u00bb166338&Prime;][vc_row_inner row_inner_height_percent=\u00a0\u00bb0&Prime; overlay_alpha=\u00a0\u00bb50&Prime; gutter_size=\u00a0\u00bb4&Prime; shift_y=\u00a0\u00bb0&Prime; z_index=\u00a0\u00bb0&Prime; limit_content=\u00a0\u00bb\u00a0\u00bb uncode_shortcode_id=\u00a0\u00bb236484&Prime;][vc_column_inner column_width_percent=\u00a0\u00bb100&Prime; gutter_size=\u00a0\u00bb3&Prime; style=\u00a0\u00bbdark\u00a0\u00bb overlay_alpha=\u00a0\u00bb50&Prime; preserve_border=\u00a0\u00bbyes\u00a0\u00bb preserve_border_mobile=\u00a0\u00bbyes\u00a0\u00bb shift_x=\u00a0\u00bb0&Prime; shift_y=\u00a0\u00bb0&Prime; shift_y_down=\u00a0\u00bb0&Prime; z_index=\u00a0\u00bb0&Prime; medium_width=\u00a0\u00bb3&Prime; align_mobile=\u00a0\u00bbalign_center_mobile\u00a0\u00bb mobile_width=\u00a0\u00bb0&Prime; width=\u00a0\u00bb1\/4&Prime; uncode_shortcode_id=\u00a0\u00bb851365&Prime;][vc_single_image media=\u00a0\u00bb131501&Prime; media_width_percent=\u00a0\u00bb55&Prime; alignment=\u00a0\u00bbcenter\u00a0\u00bb uncode_shortcode_id=\u00a0\u00bb182108&Prime;][\/vc_column_inner][vc_column_inner column_width_percent=\u00a0\u00bb100&Prime; gutter_size=\u00a0\u00bb3&Prime; style=\u00a0\u00bbdark\u00a0\u00bb font_family=\u00a0\u00bbfont-136269&Prime; overlay_alpha=\u00a0\u00bb50&Prime; shift_x=\u00a0\u00bb0&Prime; shift_y=\u00a0\u00bb0&Prime; shift_y_down=\u00a0\u00bb0&Prime; z_index=\u00a0\u00bb0&Prime; medium_width=\u00a0\u00bb3&Prime; align_mobile=\u00a0\u00bbalign_center_mobile\u00a0\u00bb mobile_width=\u00a0\u00bb0&Prime; width=\u00a0\u00bb1\/4&Prime; uncode_shortcode_id=\u00a0\u00bb111074&Prime;][vc_custom_heading text_font=\u00a0\u00bbfont-154492&Prime; text_size=\u00a0\u00bbh3&Prime; text_weight=\u00a0\u00bb900&Prime; uncode_shortcode_id=\u00a0\u00bb341532&Prime;]Contact[\/vc_custom_heading][vc_column_text uncode_shortcode_id=\u00a0\u00bb152964&Prime;]<a href=\"mailto:dta@ptolemee.com\">dta@ptolemee.com<\/a>[\/vc_column_text][\/vc_column_inner][vc_column_inner column_width_percent=\u00a0\u00bb100&Prime; gutter_size=\u00a0\u00bb3&Prime; style=\u00a0\u00bbdark\u00a0\u00bb font_family=\u00a0\u00bbfont-136269&Prime; overlay_alpha=\u00a0\u00bb50&Prime; shift_x=\u00a0\u00bb0&Prime; shift_y=\u00a0\u00bb0&Prime; shift_y_down=\u00a0\u00bb0&Prime; z_index=\u00a0\u00bb0&Prime; medium_width=\u00a0\u00bb3&Prime; align_mobile=\u00a0\u00bbalign_center_mobile\u00a0\u00bb mobile_width=\u00a0\u00bb0&Prime; width=\u00a0\u00bb1\/4&Prime; uncode_shortcode_id=\u00a0\u00bb168888&Prime;][vc_custom_heading text_font=\u00a0\u00bbfont-154492&Prime; text_size=\u00a0\u00bbh3&Prime; text_weight=\u00a0\u00bb900&Prime; uncode_shortcode_id=\u00a0\u00bb210658&Prime;]\u00c0 propos de[\/vc_custom_heading][vc_column_text uncode_shortcode_id=\u00a0\u00bb179308&Prime;]<a href=\"https:\/\/digitaltwin-alliance.com\/index.php\/ptolemee\/\">Ptol\u00e9m\u00e9e<\/a><br \/>\n<a href=\"https:\/\/digitaltwin-alliance.com\/index.php\/mentions-legales\/\">Mentions l\u00e9gales<\/a>[\/vc_column_text][\/vc_column_inner][vc_column_inner column_width_percent=\u00a0\u00bb100&Prime; gutter_size=\u00a0\u00bb3&Prime; style=\u00a0\u00bbdark\u00a0\u00bb font_family=\u00a0\u00bbfont-136269&Prime; overlay_alpha=\u00a0\u00bb50&Prime; shift_x=\u00a0\u00bb0&Prime; shift_y=\u00a0\u00bb0&Prime; shift_y_down=\u00a0\u00bb0&Prime; z_index=\u00a0\u00bb0&Prime; medium_width=\u00a0\u00bb7&Prime; align_mobile=\u00a0\u00bbalign_center_mobile\u00a0\u00bb mobile_width=\u00a0\u00bb0&Prime; width=\u00a0\u00bb1\/4&Prime; uncode_shortcode_id=\u00a0\u00bb158725&Prime;][vc_custom_heading text_font=\u00a0\u00bbfont-154492&Prime; text_size=\u00a0\u00bbh3&Prime; text_weight=\u00a0\u00bb900&Prime; uncode_shortcode_id=\u00a0\u00bb151576&Prime;]Suivez-nous[\/vc_custom_heading][vc_single_image media=\u00a0\u00bb131494&Prime; media_width_percent=\u00a0\u00bb20&Prime; alignment=\u00a0\u00bbcenter\u00a0\u00bb uncode_shortcode_id=\u00a0\u00bb139345&Prime; media_link=\u00a0\u00bburl:https%3A%2F%2Fwww.linkedin.com%2Fshowcase%2Fdigital-twin-alliance%2F|target:_blank\u00a0\u00bb][\/vc_column_inner][\/vc_row_inner][\/vc_column][\/vc_row]<\/p>\n<\/div>","protected":false},"excerpt":{"rendered":"<p>[vc_row][vc_column width=\u00a0\u00bb1\/1&Prime;][vc_custom_heading heading_semantic=\u00a0\u00bbh1&Prime; text_font=\u00a0\u00bbfont-154492&Prime; text_size=\u00a0\u00bbh1&Prime; text_weight=\u00a0\u00bb800&Prime; uncode_shortcode_id=\u00a0\u00bb166495&Prime;]Site Digital Twin Alliance[\/vc_custom_heading][vc_column_text text_lead=\u00a0\u00bbyes\u00a0\u00bb text_color=\u00a0\u00bbcolor-nhtu\u00a0\u00bb uncode_shortcode_id=\u00a0\u00bb362263&Prime; text_color_type=\u00a0\u00bbuncode-palette\u00a0\u00bb]Le site digitaltwin-alliance.com est \u00e9dit\u00e9 par la [&hellip;]<\/p>\n","protected":false},"author":1,"featured_media":0,"parent":0,"menu_order":0,"comment_status":"closed","ping_status":"closed","template":"","meta":{"footnotes":""},"class_list":["post-131439","page","type-page","status-publish","hentry"],"yoast_head":"<!-- This site is optimized with the Yoast SEO plugin v24.5 - https:\/\/yoast.com\/wordpress\/plugins\/seo\/ -->\n<title>Mentions l\u00e9gales - Digital Twin Alliance<\/title>\n<meta name=\"robots\" content=\"index, follow, max-snippet:-1, max-image-preview:large, max-video-preview:-1\" \/>\n<link rel=\"canonical\" href=\"https:\/\/digitaltwin-alliance.com\/index.php\/mentions-legales\/\" \/>\n<meta property=\"og:locale\" content=\"fr_FR\" \/>\n<meta property=\"og:type\" content=\"article\" \/>\n<meta property=\"og:title\" content=\"Mentions l\u00e9gales - Digital Twin Alliance\" \/>\n<meta property=\"og:description\" content=\"[vc_row][vc_column width=\u00a0\u00bb1\/1&Prime;][vc_custom_heading heading_semantic=\u00a0\u00bbh1&Prime; text_font=\u00a0\u00bbfont-154492&Prime; text_size=\u00a0\u00bbh1&Prime; text_weight=\u00a0\u00bb800&Prime; uncode_shortcode_id=\u00a0\u00bb166495&Prime;]Site Digital Twin Alliance[\/vc_custom_heading][vc_column_text text_lead=\u00a0\u00bbyes\u00a0\u00bb text_color=\u00a0\u00bbcolor-nhtu\u00a0\u00bb uncode_shortcode_id=\u00a0\u00bb362263&Prime; text_color_type=\u00a0\u00bbuncode-palette\u00a0\u00bb]Le site digitaltwin-alliance.com est \u00e9dit\u00e9 par la [&hellip;]\" \/>\n<meta property=\"og:url\" content=\"https:\/\/digitaltwin-alliance.com\/index.php\/mentions-legales\/\" \/>\n<meta property=\"og:site_name\" content=\"Digital Twin Alliance\" \/>\n<meta property=\"article:modified_time\" content=\"2024-07-11T14:12:52+00:00\" \/>\n<meta property=\"og:image\" content=\"https:\/\/digitaltwin-alliance.com\/wp-content\/uploads\/2024\/06\/IMAGE-SITE-DTA.png\" \/>\n\t<meta property=\"og:image:width\" content=\"1200\" \/>\n\t<meta property=\"og:image:height\" content=\"675\" \/>\n\t<meta property=\"og:image:type\" content=\"image\/png\" \/>\n<meta name=\"twitter:card\" content=\"summary_large_image\" \/>\n<meta name=\"twitter:label1\" content=\"Dur\u00e9e de lecture estim\u00e9e\" \/>\n\t<meta name=\"twitter:data1\" content=\"3 minutes\" \/>\n<script type=\"application\/ld+json\" class=\"yoast-schema-graph\">{\"@context\":\"https:\/\/schema.org\",\"@graph\":[{\"@type\":\"WebPage\",\"@id\":\"https:\/\/digitaltwin-alliance.com\/index.php\/mentions-legales\/\",\"url\":\"https:\/\/digitaltwin-alliance.com\/index.php\/mentions-legales\/\",\"name\":\"Mentions l\u00e9gales - Digital Twin Alliance\",\"isPartOf\":{\"@id\":\"https:\/\/digitaltwin-alliance.com\/#website\"},\"datePublished\":\"2024-04-29T08:24:25+00:00\",\"dateModified\":\"2024-07-11T14:12:52+00:00\",\"breadcrumb\":{\"@id\":\"https:\/\/digitaltwin-alliance.com\/index.php\/mentions-legales\/#breadcrumb\"},\"inLanguage\":\"fr-FR\",\"potentialAction\":[{\"@type\":\"ReadAction\",\"target\":[\"https:\/\/digitaltwin-alliance.com\/index.php\/mentions-legales\/\"]}]},{\"@type\":\"BreadcrumbList\",\"@id\":\"https:\/\/digitaltwin-alliance.com\/index.php\/mentions-legales\/#breadcrumb\",\"itemListElement\":[{\"@type\":\"ListItem\",\"position\":1,\"name\":\"Accueil\",\"item\":\"https:\/\/digitaltwin-alliance.com\/\"},{\"@type\":\"ListItem\",\"position\":2,\"name\":\"Mentions l\u00e9gales\"}]},{\"@type\":\"WebSite\",\"@id\":\"https:\/\/digitaltwin-alliance.com\/#website\",\"url\":\"https:\/\/digitaltwin-alliance.com\/\",\"name\":\"Digital Twin Alliance\",\"description\":\"Intelligence collective au service du jumeau num\u00e9rique\",\"publisher\":{\"@id\":\"https:\/\/digitaltwin-alliance.com\/#organization\"},\"alternateName\":\"Digital Twin Alliance\",\"potentialAction\":[{\"@type\":\"SearchAction\",\"target\":{\"@type\":\"EntryPoint\",\"urlTemplate\":\"https:\/\/digitaltwin-alliance.com\/?s={search_term_string}\"},\"query-input\":{\"@type\":\"PropertyValueSpecification\",\"valueRequired\":true,\"valueName\":\"search_term_string\"}}],\"inLanguage\":\"fr-FR\"},{\"@type\":\"Organization\",\"@id\":\"https:\/\/digitaltwin-alliance.com\/#organization\",\"name\":\"Digital Twin Alliance\",\"url\":\"https:\/\/digitaltwin-alliance.com\/\",\"logo\":{\"@type\":\"ImageObject\",\"inLanguage\":\"fr-FR\",\"@id\":\"https:\/\/digitaltwin-alliance.com\/#\/schema\/logo\/image\/\",\"url\":\"https:\/\/digitaltwin-alliance.com\/wp-content\/uploads\/2024\/04\/DTA-logo-3.png\",\"contentUrl\":\"https:\/\/digitaltwin-alliance.com\/wp-content\/uploads\/2024\/04\/DTA-logo-3.png\",\"width\":767,\"height\":272,\"caption\":\"Digital Twin Alliance\"},\"image\":{\"@id\":\"https:\/\/digitaltwin-alliance.com\/#\/schema\/logo\/image\/\"},\"sameAs\":[\"https:\/\/www.linkedin.com\/showcase\/digital-twin-alliance\/\"]}]}<\/script>\n<!-- \/ Yoast SEO plugin. -->","yoast_head_json":{"title":"Mentions l\u00e9gales - Digital Twin Alliance","robots":{"index":"index","follow":"follow","max-snippet":"max-snippet:-1","max-image-preview":"max-image-preview:large","max-video-preview":"max-video-preview:-1"},"canonical":"https:\/\/digitaltwin-alliance.com\/index.php\/mentions-legales\/","og_locale":"fr_FR","og_type":"article","og_title":"Mentions l\u00e9gales - Digital Twin Alliance","og_description":"[vc_row][vc_column width=\u00a0\u00bb1\/1&Prime;][vc_custom_heading heading_semantic=\u00a0\u00bbh1&Prime; text_font=\u00a0\u00bbfont-154492&Prime; text_size=\u00a0\u00bbh1&Prime; text_weight=\u00a0\u00bb800&Prime; uncode_shortcode_id=\u00a0\u00bb166495&Prime;]Site Digital Twin Alliance[\/vc_custom_heading][vc_column_text text_lead=\u00a0\u00bbyes\u00a0\u00bb text_color=\u00a0\u00bbcolor-nhtu\u00a0\u00bb uncode_shortcode_id=\u00a0\u00bb362263&Prime; text_color_type=\u00a0\u00bbuncode-palette\u00a0\u00bb]Le site digitaltwin-alliance.com est \u00e9dit\u00e9 par la [&hellip;]","og_url":"https:\/\/digitaltwin-alliance.com\/index.php\/mentions-legales\/","og_site_name":"Digital Twin Alliance","article_modified_time":"2024-07-11T14:12:52+00:00","og_image":[{"width":1200,"height":675,"url":"https:\/\/digitaltwin-alliance.com\/wp-content\/uploads\/2024\/06\/IMAGE-SITE-DTA.png","type":"image\/png"}],"twitter_card":"summary_large_image","twitter_misc":{"Dur\u00e9e de lecture estim\u00e9e":"3 minutes"},"schema":{"@context":"https:\/\/schema.org","@graph":[{"@type":"WebPage","@id":"https:\/\/digitaltwin-alliance.com\/index.php\/mentions-legales\/","url":"https:\/\/digitaltwin-alliance.com\/index.php\/mentions-legales\/","name":"Mentions l\u00e9gales - Digital Twin Alliance","isPartOf":{"@id":"https:\/\/digitaltwin-alliance.com\/#website"},"datePublished":"2024-04-29T08:24:25+00:00","dateModified":"2024-07-11T14:12:52+00:00","breadcrumb":{"@id":"https:\/\/digitaltwin-alliance.com\/index.php\/mentions-legales\/#breadcrumb"},"inLanguage":"fr-FR","potentialAction":[{"@type":"ReadAction","target":["https:\/\/digitaltwin-alliance.com\/index.php\/mentions-legales\/"]}]},{"@type":"BreadcrumbList","@id":"https:\/\/digitaltwin-alliance.com\/index.php\/mentions-legales\/#breadcrumb","itemListElement":[{"@type":"ListItem","position":1,"name":"Accueil","item":"https:\/\/digitaltwin-alliance.com\/"},{"@type":"ListItem","position":2,"name":"Mentions l\u00e9gales"}]},{"@type":"WebSite","@id":"https:\/\/digitaltwin-alliance.com\/#website","url":"https:\/\/digitaltwin-alliance.com\/","name":"Digital Twin Alliance","description":"Intelligence collective au service du jumeau num\u00e9rique","publisher":{"@id":"https:\/\/digitaltwin-alliance.com\/#organization"},"alternateName":"Digital Twin Alliance","potentialAction":[{"@type":"SearchAction","target":{"@type":"EntryPoint","urlTemplate":"https:\/\/digitaltwin-alliance.com\/?s={search_term_string}"},"query-input":{"@type":"PropertyValueSpecification","valueRequired":true,"valueName":"search_term_string"}}],"inLanguage":"fr-FR"},{"@type":"Organization","@id":"https:\/\/digitaltwin-alliance.com\/#organization","name":"Digital Twin Alliance","url":"https:\/\/digitaltwin-alliance.com\/","logo":{"@type":"ImageObject","inLanguage":"fr-FR","@id":"https:\/\/digitaltwin-alliance.com\/#\/schema\/logo\/image\/","url":"https:\/\/digitaltwin-alliance.com\/wp-content\/uploads\/2024\/04\/DTA-logo-3.png","contentUrl":"https:\/\/digitaltwin-alliance.com\/wp-content\/uploads\/2024\/04\/DTA-logo-3.png","width":767,"height":272,"caption":"Digital Twin Alliance"},"image":{"@id":"https:\/\/digitaltwin-alliance.com\/#\/schema\/logo\/image\/"},"sameAs":["https:\/\/www.linkedin.com\/showcase\/digital-twin-alliance\/"]}]}},"_links":{"self":[{"href":"https:\/\/digitaltwin-alliance.com\/index.php\/wp-json\/wp\/v2\/pages\/131439","targetHints":{"allow":["GET"]}}],"collection":[{"href":"https:\/\/digitaltwin-alliance.com\/index.php\/wp-json\/wp\/v2\/pages"}],"about":[{"href":"https:\/\/digitaltwin-alliance.com\/index.php\/wp-json\/wp\/v2\/types\/page"}],"author":[{"embeddable":true,"href":"https:\/\/digitaltwin-alliance.com\/index.php\/wp-json\/wp\/v2\/users\/1"}],"replies":[{"embeddable":true,"href":"https:\/\/digitaltwin-alliance.com\/index.php\/wp-json\/wp\/v2\/comments?post=131439"}],"version-history":[{"count":7,"href":"https:\/\/digitaltwin-alliance.com\/index.php\/wp-json\/wp\/v2\/pages\/131439\/revisions"}],"predecessor-version":[{"id":131533,"href":"https:\/\/digitaltwin-alliance.com\/index.php\/wp-json\/wp\/v2\/pages\/131439\/revisions\/131533"}],"wp:attachment":[{"href":"https:\/\/digitaltwin-alliance.com\/index.php\/wp-json\/wp\/v2\/media?parent=131439"}],"curies":[{"name":"wp","href":"https:\/\/api.w.org\/{rel}","templated":true}]}}