{"id":131407,"date":"2024-04-26T16:05:23","date_gmt":"2024-04-26T14:05:23","guid":{"rendered":"http:\/\/lhagbxx.cluster030.hosting.ovh.net\/?page_id=131407"},"modified":"2024-07-11T16:11:26","modified_gmt":"2024-07-11T14:11:26","slug":"ptolemee","status":"publish","type":"page","link":"https:\/\/digitaltwin-alliance.com\/index.php\/ptolemee\/","title":{"rendered":"ptol\u00e9m\u00e9e"},"content":{"rendered":"<div class=\"wpb-content-wrapper\"><p>[vc_row][vc_column width=\u00a0\u00bb1\/1&Prime;][vc_custom_heading heading_semantic=\u00a0\u00bbh1&Prime; text_font=\u00a0\u00bbfont-154492&Prime; text_size=\u00a0\u00bbh1&Prime; text_weight=\u00a0\u00bb800&Prime; uncode_shortcode_id=\u00a0\u00bb202149&Prime;]Ptol\u00e9m\u00e9e[\/vc_custom_heading][vc_custom_heading text_font=\u00a0\u00bbfont-154492&Prime; text_weight=\u00a0\u00bb600&Prime; uncode_shortcode_id=\u00a0\u00bb394175&Prime;]Animateur de communaut\u00e9s professionnelles[\/vc_custom_heading][vc_column_text text_lead=\u00a0\u00bbyes\u00a0\u00bb text_color=\u00a0\u00bbcolor-nhtu\u00a0\u00bb uncode_shortcode_id=\u00a0\u00bb186212&Prime; text_color_type=\u00a0\u00bbuncode-palette\u00a0\u00bb]Ptol\u00e9m\u00e9e a vu le jour en 1998 sous l&rsquo;impulsion de Patrick Falfus, organisateur de colloques et de salons professionnels.<\/p>\n<p>Ptol\u00e9m\u00e9e met son savoir-faire \u00e0 la disposition des grands acteurs institutionnels ou associatifs pour soutenir l\u2019organisation des manifestations qu\u2019ils initient : nombreux colloques pour les minist\u00e8res sociaux, la Haute-Autorit\u00e9 de Sant\u00e9, l\u2019office fran\u00e7ais de la Biodiversit\u00e9, \u201cSalon de l\u2019\u00e9ducation\u201d pour la Ligue de l\u2019enseignement, \u201c\u00c9tats g\u00e9n\u00e9raux de la vie \u00e9tudiante\u201d pour la Mairie de Paris, congr\u00e8s national des SCOP, Conf\u00e9rence nationale des territoires&#8230; Ptol\u00e9m\u00e9e a accompagn\u00e9 le Minist\u00e8re en charge du logement pour le d\u00e9ploiement du BIM Tour afin de d\u00e9mocratiser l\u2019usage du BIM et de la maquette num\u00e9rique dans le b\u00e2timent.<\/p>\n<p>Ptol\u00e9m\u00e9e est \u00e9galement producteur de ses propres initiatives : Zero Emissions by 2050 (COP21), Smart Data Forum, Forum pour le d\u00e9veloppement des mus\u00e9es et sites patrimoniaux, Forum Peaux &amp; Soci\u00e9t\u00e9, Digital Twin Alliance&#8230;<\/p>\n<p>Dans les deux cas, la finalit\u00e9 reste la m\u00eame : offrir un cadre qui permette \u00e0 une communaut\u00e9 professionnelle de se r\u00e9unir et imaginer les modalit\u00e9s qui serviront l\u2019objectif final : diffusion de connaissances, \u00e9laboration collective d\u2019id\u00e9es, \u00e9change de bonnes pratiques, mise en r\u00e9seau d\u2019acteurs&#8230;[\/vc_column_text][vc_button button_color=\u00a0\u00bbcolor-116767&Prime; custom_typo=\u00a0\u00bbyes\u00a0\u00bb font_family=\u00a0\u00bbfont-154492&Prime; font_weight=\u00a0\u00bb800&Prime; border_width=\u00a0\u00bb0&Prime; icon_position=\u00a0\u00bbright\u00a0\u00bb button_color_type=\u00a0\u00bbuncode-palette\u00a0\u00bb icon=\u00a0\u00bbfa fa-arrow-right2&Prime; uncode_shortcode_id=\u00a0\u00bb189948&Prime; link=\u00a0\u00bburl:https%3A%2F%2Fptolemee.com%2F|title:ptolemee.com|target:_blank\u00a0\u00bb]En savoir plus[\/vc_button][\/vc_column][\/vc_row][vc_row row_height_percent=\u00a0\u00bb0&Prime; override_padding=\u00a0\u00bbyes\u00a0\u00bb h_padding=\u00a0\u00bb2&Prime; top_padding=\u00a0\u00bb6&Prime; bottom_padding=\u00a0\u00bb6&Prime; back_color=\u00a0\u00bbcolor-jevc\u00a0\u00bb overlay_alpha=\u00a0\u00bb50&Prime; gutter_size=\u00a0\u00bb3&Prime; column_width_percent=\u00a0\u00bb100&Prime; shift_y=\u00a0\u00bb0&Prime; z_index=\u00a0\u00bb2&Prime; uncode_shortcode_id=\u00a0\u00bb169203&Prime; back_color_type=\u00a0\u00bbuncode-palette\u00a0\u00bb][vc_column column_width_percent=\u00a0\u00bb100&Prime; position_vertical=\u00a0\u00bbmiddle\u00a0\u00bb align_horizontal=\u00a0\u00bbalign_center\u00a0\u00bb gutter_size=\u00a0\u00bb4&Prime; style=\u00a0\u00bbdark\u00a0\u00bb font_family=\u00a0\u00bbfont-136269&Prime; overlay_alpha=\u00a0\u00bb50&Prime; shift_x=\u00a0\u00bb0&Prime; shift_y=\u00a0\u00bb0&Prime; shift_y_down=\u00a0\u00bb0&Prime; z_index=\u00a0\u00bb0&Prime; medium_width=\u00a0\u00bb0&Prime; mobile_width=\u00a0\u00bb0&Prime; css_animation=\u00a0\u00bbalpha-anim\u00a0\u00bb animation_speed=\u00a0\u00bb1000&Prime; width=\u00a0\u00bb1\/1&Prime; uncode_shortcode_id=\u00a0\u00bb166338&Prime;][vc_row_inner row_inner_height_percent=\u00a0\u00bb0&Prime; overlay_alpha=\u00a0\u00bb50&Prime; gutter_size=\u00a0\u00bb4&Prime; shift_y=\u00a0\u00bb0&Prime; z_index=\u00a0\u00bb0&Prime; limit_content=\u00a0\u00bb\u00a0\u00bb uncode_shortcode_id=\u00a0\u00bb236484&Prime;][vc_column_inner column_width_percent=\u00a0\u00bb100&Prime; gutter_size=\u00a0\u00bb3&Prime; style=\u00a0\u00bbdark\u00a0\u00bb overlay_alpha=\u00a0\u00bb50&Prime; preserve_border=\u00a0\u00bbyes\u00a0\u00bb preserve_border_mobile=\u00a0\u00bbyes\u00a0\u00bb shift_x=\u00a0\u00bb0&Prime; shift_y=\u00a0\u00bb0&Prime; shift_y_down=\u00a0\u00bb0&Prime; z_index=\u00a0\u00bb0&Prime; medium_width=\u00a0\u00bb3&Prime; align_mobile=\u00a0\u00bbalign_center_mobile\u00a0\u00bb mobile_width=\u00a0\u00bb0&Prime; width=\u00a0\u00bb1\/4&Prime; uncode_shortcode_id=\u00a0\u00bb851365&Prime;][vc_single_image media=\u00a0\u00bb131501&Prime; media_width_percent=\u00a0\u00bb55&Prime; alignment=\u00a0\u00bbcenter\u00a0\u00bb uncode_shortcode_id=\u00a0\u00bb182108&Prime;][\/vc_column_inner][vc_column_inner column_width_percent=\u00a0\u00bb100&Prime; gutter_size=\u00a0\u00bb3&Prime; style=\u00a0\u00bbdark\u00a0\u00bb font_family=\u00a0\u00bbfont-136269&Prime; overlay_alpha=\u00a0\u00bb50&Prime; shift_x=\u00a0\u00bb0&Prime; shift_y=\u00a0\u00bb0&Prime; shift_y_down=\u00a0\u00bb0&Prime; z_index=\u00a0\u00bb0&Prime; medium_width=\u00a0\u00bb3&Prime; align_mobile=\u00a0\u00bbalign_center_mobile\u00a0\u00bb mobile_width=\u00a0\u00bb0&Prime; width=\u00a0\u00bb1\/4&Prime; uncode_shortcode_id=\u00a0\u00bb111074&Prime;][vc_custom_heading text_font=\u00a0\u00bbfont-154492&Prime; text_size=\u00a0\u00bbh3&Prime; text_weight=\u00a0\u00bb900&Prime; uncode_shortcode_id=\u00a0\u00bb341532&Prime;]Contact[\/vc_custom_heading][vc_column_text uncode_shortcode_id=\u00a0\u00bb152964&Prime;]<a href=\"mailto:dta@ptolemee.com\">dta@ptolemee.com<\/a>[\/vc_column_text][\/vc_column_inner][vc_column_inner column_width_percent=\u00a0\u00bb100&Prime; gutter_size=\u00a0\u00bb3&Prime; style=\u00a0\u00bbdark\u00a0\u00bb font_family=\u00a0\u00bbfont-136269&Prime; overlay_alpha=\u00a0\u00bb50&Prime; shift_x=\u00a0\u00bb0&Prime; shift_y=\u00a0\u00bb0&Prime; shift_y_down=\u00a0\u00bb0&Prime; z_index=\u00a0\u00bb0&Prime; medium_width=\u00a0\u00bb3&Prime; align_mobile=\u00a0\u00bbalign_center_mobile\u00a0\u00bb mobile_width=\u00a0\u00bb0&Prime; width=\u00a0\u00bb1\/4&Prime; uncode_shortcode_id=\u00a0\u00bb168888&Prime;][vc_custom_heading text_font=\u00a0\u00bbfont-154492&Prime; text_size=\u00a0\u00bbh3&Prime; text_weight=\u00a0\u00bb900&Prime; uncode_shortcode_id=\u00a0\u00bb210658&Prime;]\u00c0 propos de[\/vc_custom_heading][vc_column_text uncode_shortcode_id=\u00a0\u00bb179308&Prime;]<a href=\"https:\/\/digitaltwin-alliance.com\/index.php\/ptolemee\/\">Ptol\u00e9m\u00e9e<\/a><br \/>\n<a href=\"https:\/\/digitaltwin-alliance.com\/index.php\/mentions-legales\/\">Mentions l\u00e9gales<\/a>[\/vc_column_text][\/vc_column_inner][vc_column_inner column_width_percent=\u00a0\u00bb100&Prime; gutter_size=\u00a0\u00bb3&Prime; style=\u00a0\u00bbdark\u00a0\u00bb font_family=\u00a0\u00bbfont-136269&Prime; overlay_alpha=\u00a0\u00bb50&Prime; shift_x=\u00a0\u00bb0&Prime; shift_y=\u00a0\u00bb0&Prime; shift_y_down=\u00a0\u00bb0&Prime; z_index=\u00a0\u00bb0&Prime; medium_width=\u00a0\u00bb7&Prime; align_mobile=\u00a0\u00bbalign_center_mobile\u00a0\u00bb mobile_width=\u00a0\u00bb0&Prime; width=\u00a0\u00bb1\/4&Prime; uncode_shortcode_id=\u00a0\u00bb158725&Prime;][vc_custom_heading text_font=\u00a0\u00bbfont-154492&Prime; text_size=\u00a0\u00bbh3&Prime; text_weight=\u00a0\u00bb900&Prime; uncode_shortcode_id=\u00a0\u00bb151576&Prime;]Suivez-nous[\/vc_custom_heading][vc_single_image media=\u00a0\u00bb131494&Prime; media_width_percent=\u00a0\u00bb20&Prime; alignment=\u00a0\u00bbcenter\u00a0\u00bb uncode_shortcode_id=\u00a0\u00bb139345&Prime; media_link=\u00a0\u00bburl:https%3A%2F%2Fwww.linkedin.com%2Fshowcase%2Fdigital-twin-alliance%2F|target:_blank\u00a0\u00bb][\/vc_column_inner][\/vc_row_inner][\/vc_column][\/vc_row]<\/p>\n<\/div>","protected":false},"excerpt":{"rendered":"<p>[vc_row][vc_column width=\u00a0\u00bb1\/1&Prime;][vc_custom_heading heading_semantic=\u00a0\u00bbh1&Prime; text_font=\u00a0\u00bbfont-154492&Prime; text_size=\u00a0\u00bbh1&Prime; text_weight=\u00a0\u00bb800&Prime; uncode_shortcode_id=\u00a0\u00bb202149&Prime;]Ptol\u00e9m\u00e9e[\/vc_custom_heading][vc_custom_heading text_font=\u00a0\u00bbfont-154492&Prime; text_weight=\u00a0\u00bb600&Prime; uncode_shortcode_id=\u00a0\u00bb394175&Prime;]Animateur de communaut\u00e9s professionnelles[\/vc_custom_heading][vc_column_text text_lead=\u00a0\u00bbyes\u00a0\u00bb text_color=\u00a0\u00bbcolor-nhtu\u00a0\u00bb uncode_shortcode_id=\u00a0\u00bb186212&Prime; text_color_type=\u00a0\u00bbuncode-palette\u00a0\u00bb]Ptol\u00e9m\u00e9e a vu le [&hellip;]<\/p>\n","protected":false},"author":1,"featured_media":0,"parent":0,"menu_order":0,"comment_status":"closed","ping_status":"closed","template":"","meta":{"footnotes":""},"class_list":["post-131407","page","type-page","status-publish","hentry"],"yoast_head":"<!-- This site is optimized with the Yoast SEO plugin v24.5 - https:\/\/yoast.com\/wordpress\/plugins\/seo\/ -->\n<title>ptol\u00e9m\u00e9e - Digital Twin Alliance<\/title>\n<meta name=\"robots\" content=\"index, follow, max-snippet:-1, max-image-preview:large, max-video-preview:-1\" \/>\n<link rel=\"canonical\" href=\"https:\/\/digitaltwin-alliance.com\/index.php\/ptolemee\/\" \/>\n<meta property=\"og:locale\" content=\"fr_FR\" \/>\n<meta property=\"og:type\" content=\"article\" \/>\n<meta property=\"og:title\" content=\"ptol\u00e9m\u00e9e - Digital Twin Alliance\" \/>\n<meta property=\"og:description\" content=\"[vc_row][vc_column width=\u00a0\u00bb1\/1&Prime;][vc_custom_heading heading_semantic=\u00a0\u00bbh1&Prime; text_font=\u00a0\u00bbfont-154492&Prime; text_size=\u00a0\u00bbh1&Prime; text_weight=\u00a0\u00bb800&Prime; uncode_shortcode_id=\u00a0\u00bb202149&Prime;]Ptol\u00e9m\u00e9e[\/vc_custom_heading][vc_custom_heading text_font=\u00a0\u00bbfont-154492&Prime; text_weight=\u00a0\u00bb600&Prime; uncode_shortcode_id=\u00a0\u00bb394175&Prime;]Animateur de communaut\u00e9s professionnelles[\/vc_custom_heading][vc_column_text text_lead=\u00a0\u00bbyes\u00a0\u00bb text_color=\u00a0\u00bbcolor-nhtu\u00a0\u00bb uncode_shortcode_id=\u00a0\u00bb186212&Prime; text_color_type=\u00a0\u00bbuncode-palette\u00a0\u00bb]Ptol\u00e9m\u00e9e a vu le [&hellip;]\" \/>\n<meta property=\"og:url\" content=\"https:\/\/digitaltwin-alliance.com\/index.php\/ptolemee\/\" \/>\n<meta property=\"og:site_name\" content=\"Digital Twin Alliance\" \/>\n<meta property=\"article:modified_time\" content=\"2024-07-11T14:11:26+00:00\" \/>\n<meta property=\"og:image\" content=\"https:\/\/digitaltwin-alliance.com\/wp-content\/uploads\/2024\/06\/IMAGE-SITE-DTA.png\" \/>\n\t<meta property=\"og:image:width\" content=\"1200\" \/>\n\t<meta property=\"og:image:height\" content=\"675\" \/>\n\t<meta property=\"og:image:type\" content=\"image\/png\" \/>\n<meta name=\"twitter:card\" content=\"summary_large_image\" \/>\n<meta name=\"twitter:label1\" content=\"Dur\u00e9e de lecture estim\u00e9e\" \/>\n\t<meta name=\"twitter:data1\" content=\"2 minutes\" \/>\n<script type=\"application\/ld+json\" class=\"yoast-schema-graph\">{\"@context\":\"https:\/\/schema.org\",\"@graph\":[{\"@type\":\"WebPage\",\"@id\":\"https:\/\/digitaltwin-alliance.com\/index.php\/ptolemee\/\",\"url\":\"https:\/\/digitaltwin-alliance.com\/index.php\/ptolemee\/\",\"name\":\"ptol\u00e9m\u00e9e - Digital Twin Alliance\",\"isPartOf\":{\"@id\":\"https:\/\/digitaltwin-alliance.com\/#website\"},\"datePublished\":\"2024-04-26T14:05:23+00:00\",\"dateModified\":\"2024-07-11T14:11:26+00:00\",\"breadcrumb\":{\"@id\":\"https:\/\/digitaltwin-alliance.com\/index.php\/ptolemee\/#breadcrumb\"},\"inLanguage\":\"fr-FR\",\"potentialAction\":[{\"@type\":\"ReadAction\",\"target\":[\"https:\/\/digitaltwin-alliance.com\/index.php\/ptolemee\/\"]}]},{\"@type\":\"BreadcrumbList\",\"@id\":\"https:\/\/digitaltwin-alliance.com\/index.php\/ptolemee\/#breadcrumb\",\"itemListElement\":[{\"@type\":\"ListItem\",\"position\":1,\"name\":\"Accueil\",\"item\":\"https:\/\/digitaltwin-alliance.com\/\"},{\"@type\":\"ListItem\",\"position\":2,\"name\":\"ptol\u00e9m\u00e9e\"}]},{\"@type\":\"WebSite\",\"@id\":\"https:\/\/digitaltwin-alliance.com\/#website\",\"url\":\"https:\/\/digitaltwin-alliance.com\/\",\"name\":\"Digital Twin Alliance\",\"description\":\"Intelligence collective au service du jumeau num\u00e9rique\",\"publisher\":{\"@id\":\"https:\/\/digitaltwin-alliance.com\/#organization\"},\"alternateName\":\"Digital Twin Alliance\",\"potentialAction\":[{\"@type\":\"SearchAction\",\"target\":{\"@type\":\"EntryPoint\",\"urlTemplate\":\"https:\/\/digitaltwin-alliance.com\/?s={search_term_string}\"},\"query-input\":{\"@type\":\"PropertyValueSpecification\",\"valueRequired\":true,\"valueName\":\"search_term_string\"}}],\"inLanguage\":\"fr-FR\"},{\"@type\":\"Organization\",\"@id\":\"https:\/\/digitaltwin-alliance.com\/#organization\",\"name\":\"Digital Twin Alliance\",\"url\":\"https:\/\/digitaltwin-alliance.com\/\",\"logo\":{\"@type\":\"ImageObject\",\"inLanguage\":\"fr-FR\",\"@id\":\"https:\/\/digitaltwin-alliance.com\/#\/schema\/logo\/image\/\",\"url\":\"https:\/\/digitaltwin-alliance.com\/wp-content\/uploads\/2024\/04\/DTA-logo-3.png\",\"contentUrl\":\"https:\/\/digitaltwin-alliance.com\/wp-content\/uploads\/2024\/04\/DTA-logo-3.png\",\"width\":767,\"height\":272,\"caption\":\"Digital Twin Alliance\"},\"image\":{\"@id\":\"https:\/\/digitaltwin-alliance.com\/#\/schema\/logo\/image\/\"},\"sameAs\":[\"https:\/\/www.linkedin.com\/showcase\/digital-twin-alliance\/\"]}]}<\/script>\n<!-- \/ Yoast SEO plugin. -->","yoast_head_json":{"title":"ptol\u00e9m\u00e9e - Digital Twin Alliance","robots":{"index":"index","follow":"follow","max-snippet":"max-snippet:-1","max-image-preview":"max-image-preview:large","max-video-preview":"max-video-preview:-1"},"canonical":"https:\/\/digitaltwin-alliance.com\/index.php\/ptolemee\/","og_locale":"fr_FR","og_type":"article","og_title":"ptol\u00e9m\u00e9e - Digital Twin Alliance","og_description":"[vc_row][vc_column width=\u00a0\u00bb1\/1&Prime;][vc_custom_heading heading_semantic=\u00a0\u00bbh1&Prime; text_font=\u00a0\u00bbfont-154492&Prime; text_size=\u00a0\u00bbh1&Prime; text_weight=\u00a0\u00bb800&Prime; uncode_shortcode_id=\u00a0\u00bb202149&Prime;]Ptol\u00e9m\u00e9e[\/vc_custom_heading][vc_custom_heading text_font=\u00a0\u00bbfont-154492&Prime; text_weight=\u00a0\u00bb600&Prime; uncode_shortcode_id=\u00a0\u00bb394175&Prime;]Animateur de communaut\u00e9s professionnelles[\/vc_custom_heading][vc_column_text text_lead=\u00a0\u00bbyes\u00a0\u00bb text_color=\u00a0\u00bbcolor-nhtu\u00a0\u00bb uncode_shortcode_id=\u00a0\u00bb186212&Prime; text_color_type=\u00a0\u00bbuncode-palette\u00a0\u00bb]Ptol\u00e9m\u00e9e a vu le [&hellip;]","og_url":"https:\/\/digitaltwin-alliance.com\/index.php\/ptolemee\/","og_site_name":"Digital Twin Alliance","article_modified_time":"2024-07-11T14:11:26+00:00","og_image":[{"width":1200,"height":675,"url":"https:\/\/digitaltwin-alliance.com\/wp-content\/uploads\/2024\/06\/IMAGE-SITE-DTA.png","type":"image\/png"}],"twitter_card":"summary_large_image","twitter_misc":{"Dur\u00e9e de lecture estim\u00e9e":"2 minutes"},"schema":{"@context":"https:\/\/schema.org","@graph":[{"@type":"WebPage","@id":"https:\/\/digitaltwin-alliance.com\/index.php\/ptolemee\/","url":"https:\/\/digitaltwin-alliance.com\/index.php\/ptolemee\/","name":"ptol\u00e9m\u00e9e - Digital Twin Alliance","isPartOf":{"@id":"https:\/\/digitaltwin-alliance.com\/#website"},"datePublished":"2024-04-26T14:05:23+00:00","dateModified":"2024-07-11T14:11:26+00:00","breadcrumb":{"@id":"https:\/\/digitaltwin-alliance.com\/index.php\/ptolemee\/#breadcrumb"},"inLanguage":"fr-FR","potentialAction":[{"@type":"ReadAction","target":["https:\/\/digitaltwin-alliance.com\/index.php\/ptolemee\/"]}]},{"@type":"BreadcrumbList","@id":"https:\/\/digitaltwin-alliance.com\/index.php\/ptolemee\/#breadcrumb","itemListElement":[{"@type":"ListItem","position":1,"name":"Accueil","item":"https:\/\/digitaltwin-alliance.com\/"},{"@type":"ListItem","position":2,"name":"ptol\u00e9m\u00e9e"}]},{"@type":"WebSite","@id":"https:\/\/digitaltwin-alliance.com\/#website","url":"https:\/\/digitaltwin-alliance.com\/","name":"Digital Twin Alliance","description":"Intelligence collective au service du jumeau num\u00e9rique","publisher":{"@id":"https:\/\/digitaltwin-alliance.com\/#organization"},"alternateName":"Digital Twin Alliance","potentialAction":[{"@type":"SearchAction","target":{"@type":"EntryPoint","urlTemplate":"https:\/\/digitaltwin-alliance.com\/?s={search_term_string}"},"query-input":{"@type":"PropertyValueSpecification","valueRequired":true,"valueName":"search_term_string"}}],"inLanguage":"fr-FR"},{"@type":"Organization","@id":"https:\/\/digitaltwin-alliance.com\/#organization","name":"Digital Twin Alliance","url":"https:\/\/digitaltwin-alliance.com\/","logo":{"@type":"ImageObject","inLanguage":"fr-FR","@id":"https:\/\/digitaltwin-alliance.com\/#\/schema\/logo\/image\/","url":"https:\/\/digitaltwin-alliance.com\/wp-content\/uploads\/2024\/04\/DTA-logo-3.png","contentUrl":"https:\/\/digitaltwin-alliance.com\/wp-content\/uploads\/2024\/04\/DTA-logo-3.png","width":767,"height":272,"caption":"Digital Twin Alliance"},"image":{"@id":"https:\/\/digitaltwin-alliance.com\/#\/schema\/logo\/image\/"},"sameAs":["https:\/\/www.linkedin.com\/showcase\/digital-twin-alliance\/"]}]}},"_links":{"self":[{"href":"https:\/\/digitaltwin-alliance.com\/index.php\/wp-json\/wp\/v2\/pages\/131407","targetHints":{"allow":["GET"]}}],"collection":[{"href":"https:\/\/digitaltwin-alliance.com\/index.php\/wp-json\/wp\/v2\/pages"}],"about":[{"href":"https:\/\/digitaltwin-alliance.com\/index.php\/wp-json\/wp\/v2\/types\/page"}],"author":[{"embeddable":true,"href":"https:\/\/digitaltwin-alliance.com\/index.php\/wp-json\/wp\/v2\/users\/1"}],"replies":[{"embeddable":true,"href":"https:\/\/digitaltwin-alliance.com\/index.php\/wp-json\/wp\/v2\/comments?post=131407"}],"version-history":[{"count":12,"href":"https:\/\/digitaltwin-alliance.com\/index.php\/wp-json\/wp\/v2\/pages\/131407\/revisions"}],"predecessor-version":[{"id":131423,"href":"https:\/\/digitaltwin-alliance.com\/index.php\/wp-json\/wp\/v2\/pages\/131407\/revisions\/131423"}],"wp:attachment":[{"href":"https:\/\/digitaltwin-alliance.com\/index.php\/wp-json\/wp\/v2\/media?parent=131407"}],"curies":[{"name":"wp","href":"https:\/\/api.w.org\/{rel}","templated":true}]}}